{"id":32742,"date":"2024-07-10T12:18:27","date_gmt":"2024-07-10T09:18:27","guid":{"rendered":"https:\/\/belcentre.by\/?page_id=32742"},"modified":"2024-07-10T12:47:58","modified_gmt":"2024-07-10T09:47:58","slug":"%d0%b2%d0%be%d0%bb%d0%ba%d0%be%d0%b2%d0%b0-%d0%b5%d0%b2%d0%b3%d0%b5%d0%bd%d0%b8%d1%8f-%d0%b2%d0%b8%d1%82%d0%b0%d0%bb%d1%8c%d0%b5%d0%b2%d0%bd%d0%b0","status":"publish","type":"page","link":"https:\/\/belcentre.by\/be\/%d0%be%d1%82%d0%b4%d0%b5%d0%bb-%d1%81%d0%bb%d0%b0%d0%b2%d0%b8%d1%81%d1%82%d0%b8%d0%ba%d0%b8-%d0%b8-%d1%82%d0%b5%d0%be%d1%80%d0%b8%d0%b8-%d1%8f%d0%b7%d1%8b%d0%ba%d0%b0\/%d0%b2%d0%be%d0%bb%d0%ba%d0%be%d0%b2%d0%b0-%d0%b5%d0%b2%d0%b3%d0%b5%d0%bd%d0%b8%d1%8f-%d0%b2%d0%b8%d1%82%d0%b0%d0%bb%d1%8c%d0%b5%d0%b2%d0%bd%d0%b0\/","title":{"rendered":"\u0412\u043e\u043b\u043a\u0430\u0432\u0430 \u042f\u045e\u0433\u0435\u043d\u0456\u044f \u0412\u0456\u0442\u0430\u043b\u044c\u0435\u045e\u043d\u0430"},"content":{"rendered":"<div data-elementor-type=\"wp-page\" data-elementor-id=\"32742\" class=\"elementor elementor-32742\" data-elementor-post-type=\"page\">\n\t\t\t\t<div class=\"elementor-element elementor-element-fa2afa0 e-flex e-con-boxed e-con e-parent\" data-id=\"fa2afa0\" data-element_type=\"container\" data-settings=\"{&quot;ekit_has_onepagescroll_dot&quot;:&quot;yes&quot;}\">\n\t\t\t\t\t<div class=\"e-con-inner\">\n\t\t<div class=\"elementor-element elementor-element-85c059c e-con-full e-flex e-con e-child\" data-id=\"85c059c\" data-element_type=\"container\" data-settings=\"{&quot;ekit_has_onepagescroll_dot&quot;:&quot;yes&quot;}\">\n\t\t\t\t<div class=\"elementor-element elementor-element-42c3d07 elementor-widget elementor-widget-image\" data-id=\"42c3d07\" data-element_type=\"widget\" data-settings=\"{&quot;ekit_we_effect_on&quot;:&quot;none&quot;}\" data-widget_type=\"image.default\">\n\t\t\t\t<div class=\"elementor-widget-container\">\n\t\t\t\t\t\t\t\t\t\t\t\t\t\t\t<img fetchpriority=\"high\" decoding=\"async\" width=\"217\" height=\"300\" src=\"https:\/\/belcentre.by\/wp-content\/uploads\/2024\/07\/Volkava-Yauheniya-217x300.jpg\" class=\"attachment-medium size-medium wp-image-32743\" alt=\"\" srcset=\"https:\/\/belcentre.by\/wp-content\/uploads\/2024\/07\/Volkava-Yauheniya-217x300.jpg 217w, https:\/\/belcentre.by\/wp-content\/uploads\/2024\/07\/Volkava-Yauheniya-741x1024.jpg 741w, https:\/\/belcentre.by\/wp-content\/uploads\/2024\/07\/Volkava-Yauheniya-768x1062.jpg 768w, https:\/\/belcentre.by\/wp-content\/uploads\/2024\/07\/Volkava-Yauheniya-1111x1536.jpg 1111w, https:\/\/belcentre.by\/wp-content\/uploads\/2024\/07\/Volkava-Yauheniya-1481x2048.jpg 1481w, https:\/\/belcentre.by\/wp-content\/uploads\/2024\/07\/Volkava-Yauheniya-9x12.jpg 9w, https:\/\/belcentre.by\/wp-content\/uploads\/2024\/07\/Volkava-Yauheniya.jpg 1537w\" sizes=\"(max-width: 217px) 100vw, 217px\" \/>\t\t\t\t\t\t\t\t\t\t\t\t\t\t\t<\/div>\n\t\t\t\t<\/div>\n\t\t\t\t<\/div>\n\t\t<div class=\"elementor-element elementor-element-a4b534c e-con-full e-flex e-con e-child\" data-id=\"a4b534c\" data-element_type=\"container\" data-settings=\"{&quot;ekit_has_onepagescroll_dot&quot;:&quot;yes&quot;}\">\n\t\t\t\t<div class=\"elementor-element elementor-element-8bdef70 elementor-widget elementor-widget-heading\" data-id=\"8bdef70\" data-element_type=\"widget\" data-settings=\"{&quot;ekit_we_effect_on&quot;:&quot;none&quot;}\" data-widget_type=\"heading.default\">\n\t\t\t\t<div class=\"elementor-widget-container\">\n\t\t\t\t\t<h3 class=\"elementor-heading-title elementor-size-default\">\u0412\u043e\u043b\u043a\u0430\u0432\u0430 \u042f\u045e\u0433\u0435\u043d\u0456\u044f \u0412\u0456\u0442\u0430\u043b\u044c\u0435\u045e\u043d\u0430<\/h3>\t\t\t\t<\/div>\n\t\t\t\t<\/div>\n\t\t\t\t<div class=\"elementor-element elementor-element-bb2837f elementor-widget elementor-widget-heading\" data-id=\"bb2837f\" data-element_type=\"widget\" data-settings=\"{&quot;ekit_we_effect_on&quot;:&quot;none&quot;}\" data-widget_type=\"heading.default\">\n\t\t\t\t<div class=\"elementor-widget-container\">\n\t\t\t\t\t<h5 class=\"elementor-heading-title elementor-size-default\">\u043d\u0430\u0432\u0443\u043a\u043e\u0432\u044b \u0441\u0443\u043f\u0440\u0430\u0446\u043e\u045e\u043d\u0456\u043a \u0430\u0434\u0434\u0437\u0435\u043b\u0430 \u0441\u043b\u0430\u0432\u0456\u0441\u0442\u044b\u043a\u0456 \u0456 \u0442\u044d\u043e\u0440\u044b\u0456 \u043c\u043e\u0432\u044b<br>\u0406\u043d\u0441\u0442\u044b\u0442\u0443\u0442\u0430 \u043c\u043e\u0432\u0430\u0437\u043d\u0430\u045e\u0441\u0442\u0432\u0430 \u0456\u043c\u044f \u042f\u043a\u0443\u0431\u0430 \u041a\u043e\u043b\u0430\u0441\u0430<br><br><\/h5>\t\t\t\t<\/div>\n\t\t\t\t<\/div>\n\t\t\t\t<div class=\"elementor-element elementor-element-7ff3229 elementor-widget elementor-widget-heading\" data-id=\"7ff3229\" data-element_type=\"widget\" data-settings=\"{&quot;ekit_we_effect_on&quot;:&quot;none&quot;}\" data-widget_type=\"heading.default\">\n\t\t\t\t<div class=\"elementor-widget-container\">\n\t\t\t\t\t<div class=\"elementor-heading-title elementor-size-default\">\u0422\u044d\u043b.: +375 (17) 270-27-18 <br>\nE-mail: <a href=\"mailto:tan1olif@gmail.com\">tan1olif@gmail.com<\/a><\/div>\t\t\t\t<\/div>\n\t\t\t\t<\/div>\n\t\t\t\t<\/div>\n\t\t\t\t\t<\/div>\n\t\t\t\t<\/div>\n\t\t<div class=\"elementor-element elementor-element-cc50078 e-flex e-con-boxed e-con e-parent\" data-id=\"cc50078\" data-element_type=\"container\" data-settings=\"{&quot;ekit_has_onepagescroll_dot&quot;:&quot;yes&quot;}\">\n\t\t\t\t\t<div class=\"e-con-inner\">\n\t\t\t\t<div class=\"elementor-element elementor-element-76aef6f elementor-widget elementor-widget-text-editor\" data-id=\"76aef6f\" data-element_type=\"widget\" data-settings=\"{&quot;ekit_we_effect_on&quot;:&quot;none&quot;}\" data-widget_type=\"text-editor.default\">\n\t\t\t\t<div class=\"elementor-widget-container\">\n\t\t\t\t\t\t\t\t\t<p>\u0417\u0430\u043a\u043e\u043d\u0447\u044b\u043b\u0430 \u0444\u0456\u043b\u0430\u043b\u0430\u0433\u0456\u0447\u043d\u044b \u0444\u0430\u043a\u0443\u043b\u044c\u0442\u044d\u0442 \u0411\u0414\u0423 \u043f\u0430 \u0441\u043f\u0435\u0446\u044b\u044f\u043b\u044c\u043d\u0430\u0441\u0446\u0456 \u201c\u0411\u0435\u043b\u0430\u0440\u0443\u0441\u043a\u0430\u044f \u043c\u043e\u0432\u0430 \u0456 \u043b\u0456\u0442\u0430\u0440\u0430\u0442\u0443\u0440\u0430, \u0440\u0443\u0441\u043a\u0430\u044f \u043c\u043e\u0432\u0430 \u0456 \u043b\u0456\u0442\u0430\u0440\u0430\u0442\u0443\u0440\u0430\u201d \u045e 1994 \u0433., \u043d\u0430 \u0432\u044b\u0434\u0430\u0442\u043d\u0430 \u0430\u0431\u0430\u0440\u0430\u043d\u0456\u045e\u0448\u044b \u0434\u044b\u043f\u043b\u043e\u043c\u043d\u0443\u044e \u043f\u0440\u0430\u0446\u0443 \u00ab\u041d\u0430\u0437\u0456\u0440\u0430\u043d\u043d\u0456 \u043d\u0430\u0434 \u043c\u043e\u0432\u0430\u0439 \u0431\u0435\u043b\u0430\u0440\u0443\u0441\u043a\u0456\u0445 \u043f\u0435\u0440\u0430\u043a\u043b\u0430\u0434\u0430\u045e \u043f\u0430\u044d\u043c\u044b \u0410\u0434\u0430\u043c\u0430 \u041c\u0456\u0446\u043a\u0435\u0432\u0456\u0447\u0430 \u201c\u041f\u0430\u043d \u0422\u0430\u0434\u044d\u0432\u0443\u0448\u201d\u00bb.<\/p><p>\u041f\u0440\u0430\u0446\u0443\u0435 \u045e \u0406\u043d\u0441\u0442\u044b\u0442\u0443\u0446\u0435 \u043c\u043e\u0432\u0430\u0437\u043d\u0430\u045e\u0441\u0442\u0432\u0430 \u0456\u043c\u044f \u042f\u043a\u0443\u0431\u0430 \u041a\u043e\u043b\u0430\u0441\u0430 \u0437 1995 \u0433. \u0443 \u0430\u0434\u0434\u0437\u0435\u043b\u0435 \u0441\u043b\u0430\u0432\u0456\u0441\u0442\u044b\u043a\u0456 \u0456 \u0442\u044d\u043e\u0440\u044b\u0456 \u043c\u043e\u0432\u044b, \u0437\u0430\u0439\u043c\u0430\u0435 \u043f\u0430\u0441\u0430\u0434\u0443 \u043d\u0430\u0432\u0443\u043a\u043e\u0432\u0430\u0433\u0430 \u0441\u0443\u043f\u0440\u0430\u0446\u043e\u045e\u043d\u0456\u043a\u0430.<\/p><p><strong>\u0421\u0444\u0435\u0440\u0430 \u043d\u0430\u0432\u0443\u043a\u043e\u0432\u044b\u0445 \u0456\u043d\u0442\u0430\u0440\u044d\u0441\u0430\u045e<\/strong> \u043f\u044b\u0442\u0430\u043d\u043d\u0456 \u0441\u043b\u0430\u0432\u0456\u0441\u0442\u044b\u043a\u0456 \u0456 \u0431\u0435\u043b\u0430\u0440\u0443\u0441\u0456\u0441\u0442\u044b\u043a\u0456; \u043f\u0435\u0440\u0430\u043a\u043b\u0430\u0434\u043d\u0430\u044f \u043b\u0435\u043a\u0441\u0456\u043a\u0430\u0433\u0440\u0430\u0444\u0456\u044f, \u0441\u043b\u0430\u0432\u0456\u0441\u0442\u044b\u0447\u043d\u0430\u044f \u043c\u043e\u0432\u0430\u0437\u043d\u0430\u045e\u0447\u0430\u044f \u0431\u0456\u0431\u043b\u0456\u044f\u0433\u0440\u0430\u0444\u0456\u044f, \u044d\u0442\u044b\u043c\u0430\u043b\u0430\u0433\u0456\u0447\u043d\u044b\u044f \u0434\u0430\u0441\u043b\u0435\u0434\u0430\u0432\u0430\u043d\u043d\u0456.<\/p><p><strong><span class=\"EzKURWReUAB5oZgtQNkl\" data-src-align=\"0:24\">\u041b\u0435\u043a\u0441\u0456\u043a\u0430\u0433\u0440\u0430\u0444\u0456\u0447\u043d\u044b\u044f \u0432\u044b\u0434\u0430\u043d\u043d\u0456 (<\/span><span class=\"EzKURWReUAB5oZgtQNkl\" data-src-align=\"28:17\">\u0443 \u0441\u043a\u043b\u0430\u0434\u0437\u0435 \u0430\u045e\u0442\u0430\u0440\u0441\u043a\u0456\u0445<\/span> <span class=\"EzKURWReUAB5oZgtQNkl\" data-src-align=\"46:10\">\u043a\u0430\u043b\u0435\u043a\u0442\u044b\u0432\u0430\u045e<\/span>)<\/strong><\/p><ol><li>\u041f\u043e\u043b\u044c\u0441\u043a\u0430-\u0431\u0435\u043b\u0430\u0440\u0443\u0441\u043ai \u0441\u043b\u043e\u045e\u043di\u043a: \u0437\u0432\u044b\u0448 40 000 \u0441\u043b\u043e\u045e = S\u0142ownik polsko-bia\u0142oruski: ponad 40 000 hase\u0142 \/ \u042f.\u0412. \u0412\u043e\u043b\u043a\u0430\u0432\u0430, \u0412.\u041b. \u0410\u0432i\u043b\u0430\u0432\u0430; \u043f\u0430\u0434 \u0440\u044d\u0434. \u0413.\u0410. \u0426\u044b\u0445\u0443\u043d\u0430. \u2013 \u041ci\u043d\u0441\u043a: &#171;\u0411\u0435\u043b\u0430\u0440\u0443\u0441\u043a\u0430\u044f \u042d\u043d\u0446\u044b\u043a\u043b\u0430\u043f\u0435\u0434\u044b\u044f&#187;, 2004. \u2013 879 \u0441.<\/li><li>\u042d\u0442\u044b\u043c\u0430\u043b\u0430\u0433\u0456\u0447\u043d\u044b \u0441\u043b\u043e\u045e\u043d\u0456\u043a \u0431\u0435\u043b\u0430\u0440\u0443\u0441\u043a\u0430\u0439 \u043c\u043e\u0432\u044b. \u2013 T. 9: <em>\u043f<\/em> \/ \u0440\u044d\u0434. \u0413.\u0410. \u0426\u044b\u0445\u0443\u043d. \u2013 \u041c\u0456\u043d\u0441\u043a: &#171;\u0411\u0435\u043b\u0430\u0440\u0443\u0441\u043a\u0430\u044f \u043d\u0430\u0432\u0443\u043a\u0430&#187;, 2004. \u2013 367 \u0441.<\/li><li>\u042d\u0442\u044b\u043c\u0430\u043b\u0430\u0433\u0456\u0447\u043d\u044b \u0441\u043b\u043e\u045e\u043d\u0456\u043a \u0431\u0435\u043b\u0430\u0440\u0443\u0441\u043a\u0430\u0439 \u043c\u043e\u0432\u044b. \u2013 T. 11: <em>\u0420-\u0421<\/em> \/ \u0440\u044d\u0434. \u0413.\u0410. \u0426\u044b\u0445\u0443\u043d. \u2013 \u041c\u0456\u043d\u0441\u043a: &#171;\u0411\u0435\u043b\u0430\u0440\u0443\u0441\u043a\u0430\u044f \u043d\u0430\u0432\u0443\u043a\u0430&#187;, 2006. \u2013 333 \u0441.<\/li><li>\u0424\u0440\u0430\u043d\u0446\u0443\u0437\u0441\u043a\u0430-\u0431\u0435\u043b\u0430\u0440\u0443\u0441\u043a\u0456 \u0441\u043b\u043e\u045e\u043d\u0456\u043a \u043f\u0440\u0430\u0432\u0430\u0432\u043e\u0439 \u043b\u0435\u043a\u0441\u0456\u043a\u0456 \/ \u0443\u043a\u043b\u0430\u0434. A.\u0410.\u00a0\u0417\u0430\u0432\u0430\u0434\u0441\u043a\u0430\u044f, \u042f.\u0412. \u0412\u043e\u043b\u043a\u0430\u0432\u0430 [\u0456 \u0456\u043d\u0448.]; \u043d\u0430\u0432\u0443\u043a. \u0440\u044d\u0434.: A.\u0410. \u0417\u0430\u0432\u0430\u0434\u0441\u043a\u0430\u044f, \u042f.\u0412.\u00a0\u0412\u043e\u043b\u043a\u0430\u0432\u0430.\u2013 \u041c\u0456\u043d\u0441\u043a: \u0411\u0435\u043b\u0430\u0440\u0443\u0441\u043a\u0430\u044f \u043d\u0430\u0432\u0443\u043a\u0430, 2019. \u2013 413 \u0441.<\/li><li>\u041a\u0456\u0442\u0430\u0439\u0441\u043a\u0430-\u0431\u0435\u043b\u0430\u0440\u0443\u0441\u043a\u0456 \u0441\u043b\u043e\u045e\u043d\u0456\u043a. \u0411\u0435\u043b\u0430\u0440\u0443\u0441\u043a\u0430-\u043a\u0456\u0442\u0430\u0439\u0441\u043a\u0456 \u0441\u043b\u043e\u045e\u043d\u0456\u043a \/ \u043d\u0430\u0432\u0443\u043a. \u0440\u044d\u0434. \u0406.\u041b. \u041a\u0430\u043f\u044b\u043b\u043e\u045e; \u0443\u043a\u043b\u0430\u0434. \u042f.\u0412. \u0412\u043e\u043b\u043a\u0430\u0432\u0430, \u0406.\u041b. \u041a\u0430\u043f\u044b\u043b\u043e\u045e, \u0423.\u0410. \u041a\u043e\u0448\u0447\u0430\u043d\u043a\u0430, [\u0456 \u0456\u043d\u0448.]. \u2013 \u041c\u0456\u043d\u0441\u043a: \u0411\u0414\u0423, 2021. \u2013 870 \u0441.<\/li><li>\u0424\u0440\u0430\u043d\u0446\u0443\u0437\u0441\u043a\u0430-\u0431\u0435\u043b\u0430\u0440\u0443\u0441\u043a\u0456 \u0441\u043b\u043e\u045e\u043d\u0456\u043a \u0441\u043a\u0430\u0440\u0430\u0447\u044d\u043d\u043d\u044f\u045e \/ \u0443\u043a\u043b\u0430\u0434. A.\u0410. \u0417\u0430\u0432\u0430\u0434\u0441\u043a\u0430\u044f, \u042f.\u0412. \u0412\u043e\u043b\u043a\u0430\u0432\u0430 [\u0456 \u0456\u043d\u0448.]; \u043d\u0430\u0432\u0443\u043a. \u0440\u044d\u0434.: A.\u0410. \u0417\u0430\u0432\u0430\u0434\u0441\u043a\u0430\u044f, \u042f.\u0412. \u0412\u043e\u043b\u043a\u0430\u0432\u0430. \u2013 \u041c\u0456\u043d\u0441\u043a: \u0411\u0435\u043b\u0430\u0440\u0443\u0441\u043a\u0430\u044f \u043d\u0430\u0432\u0443\u043a\u0430, 2023. \u2013 416 \u0441.<\/li><\/ol><p><strong>\u0412\u044b\u0431\u0440\u0430\u043d\u044b\u044f \u043f\u0443\u0431\u043b\u0456\u043a\u0430\u0446\u044b\u0456<\/strong><\/p><ol><li>\u0421\u0443\u043f\u0430\u0441\u0442\u0430\u045e\u043b\u044f\u043b\u044c\u043d\u044b \u0430\u043d\u0430\u043b\u0456\u0437 \u0431\u0435\u043b\u0430\u0440\u0443\u0441\u043a\u0456\u0445 \u043f\u0435\u0440\u0430\u043a\u043b\u0430\u0434\u0430\u045e \u043f\u0430\u044d\u043c\u044b \u0410. \u041c\u0456\u0446\u043a\u0435\u0432\u0456\u0447\u0430 &#171;\u041f\u0430\u043d \u0422\u0430\u0434\u044d\u0432\u0443\u0448&#187; \/ \u042f.\u0412. \u0412\u043e\u043b\u043a\u0430\u0432\u0430 \/\/ \u0411\u0435\u043b\u0430\u0440\u0443\u0441\u043a\u0430\u044f \u043b\u0456\u043d\u0433\u0432\u0456\u0441\u0442\u044b\u043a\u0430. \u0412\u044b\u043f. 48, 1998. \u2013 \u0421. 3-12.<\/li><li>\u0417 \u0433\u0456\u0441\u0442\u043e\u0440\u044b\u0456 \u0431\u0435\u043b\u0430\u0440\u0443\u0441\u043a\u0430-\u0441\u0435\u0440\u0431\u0430\u043b\u0443\u0436\u044b\u0446\u043a\u0456\u0445 \u0441\u0443\u043f\u0430\u0441\u0442\u0430\u045e\u043b\u0435\u043d\u043d\u044f\u045e \/\/ \u041f\u0438\u0442\u0430\u043d\u043d\u044f \u0441\u043e\u0440\u0430\u0431i\u0441\u0442\u0438\u043a\u0438 = Pra\u0161enja sorabistiki. \u2013 \u041b\u044c\u0432i\u0432; \u0411\u0443\u0434\u0438\u0448\u0438\u043d, 2009. \u2013 \u0421. 73-79.<\/li><li>\u0417\u043d\u0430\u0447\u044d\u043d\u043d\u0435 \u0441\u0435\u0440\u0431\u0430\u043b\u0443\u0436\u044b\u0446\u043a\u0430\u0433\u0430 \u043b\u0435\u043a\u0441\u0456\u0447\u043d\u0430\u0433\u0430 \u043c\u0430\u0442\u044d\u0440\u044b\u044f\u043b\u0443 \u0434\u043b\u044f \u0432\u044b\u0440\u0430\u0448\u044d\u043d\u043d\u044f \u043d\u0435\u043a\u0430\u0442\u043e\u0440\u044b\u0445 \u043f\u0440\u0430\u0431\u043b\u0435\u043c \u0431\u0435\u043b\u0430\u0440\u0443\u0441\u043a\u0430\u0439 \u044d\u0442\u044b\u043c\u0430\u043b\u043e\u0433\u0456\u0456 \/\/ \u0411\u0435\u043b\u0430\u0440\u0443\u0441\u043a\u0430\u044f \u043b\u0456\u043d\u0433\u0432\u0456\u0441\u0442\u044b\u043a\u0430. \u0412\u044b\u043f. 63, 2009. \u2013 \u0421. 104\u2013111.<\/li><li>\u0410\u043d\u0430\u043b\u0438\u0437 \u0438\u0441\u043f\u043e\u043b\u044c\u0437\u043e\u0432\u0430\u043d\u0438\u044f \u0441\u0435\u0440\u0431\u043e\u043b\u0443\u0436\u0438\u0446\u043a\u0438\u0445 \u043f\u0430\u0440\u0430\u043b\u043b\u0435\u043b\u0435\u0439 \u0432 \u201c\u042d\u0442\u044b\u043c\u0430\u043b\u0430\u0433\u0456\u0447\u043d\u044b\u043c \u0441\u043b\u043e\u045e\u043d\u0456\u043a\u0443 \u0431\u0435\u043b\u0430\u0440\u0443\u0441\u043a\u0430\u0439 \u043c\u043e\u0432\u044b\u201d \/\/ L\u011btopis, \u2116 1, 2009. \u2013 \u0421. 101\u2013110.<\/li><li>Nomina loci \u0437 \u0444\u0430\u0440\u043c\u0430\u043d\u0442\u0430\u043c <em>-\u043e\u045e\u043d\u0456\u0448\u0447\u0430\/-<\/em><em>owni<\/em><em>\u0161\u0107<\/em><em>o<\/em> \u045e \u0431\u0435\u043b\u0430\u0440\u0443\u0441\u043a\u0430\u0439 \u0456 \u0441\u0435\u0440\u0431\u0430\u043b\u0443\u0436\u044b\u0446\u043a\u0456\u0445 \u043c\u043e\u0432\u0430\u0445 \/ \u042f\u045e\u0433\u0435\u043d\u0456\u044f \u0412\u043e\u043b\u043a\u0430\u0432\u0430 \/\/ Leksikologiske p\u0159ino\u0161ki II: IV. seminar serbskeje s\u0142owotw\u00f3rby a leksiki. \u2013 Gda\u0144sk-Budy\u0161in, 2013. \u2013 \u0421. 58-64.<\/li><li>\u0411\u0435\u043b\u0430\u0440\u0443\u0441\u043a\u0430\u044f \u043b\u0456\u043d\u0433\u0432\u0456\u0441\u0442\u044b\u0447\u043d\u0430\u044f \u0442\u044d\u0440\u043c\u0456\u043d\u0430\u043b\u043e\u0433\u0456\u044f: \u043f\u0440\u0430\u0431\u043b\u0435\u043c\u044b \u0444\u0456\u043a\u0441\u0430\u0446\u044b\u0456 \u0456 \u0444\u0443\u043d\u043a\u0446\u044b\u044f\u043d\u0430\u0432\u0430\u043d\u043d\u044f \/\/ Studia z filologii polskiej i s\u0142owia\u0144skiej. \u2013 T. 49, 2014. \u2013 \u0421. 259\u2013276.<\/li><li>\u0421\u043f\u0435\u0446\u044b\u0444\u0456\u0447\u043d\u0430\u044f \u043b\u0435\u043a\u0441\u0456\u043a\u0430 \u045e \u043f\u0435\u0440\u0430\u043a\u043b\u0430\u0434\u0430\u0445 \u201c\u041f\u0430\u043d\u0430 \u0422\u0430\u0434\u044d\u0432\u0443\u0448\u0430\u201d \u0410.\u00a0\u041c\u0456\u0446\u043a\u0435\u0432\u0456\u0447\u0430 \u043d\u0430 \u0431\u0435\u043b\u0430\u0440\u0443\u0441\u043a\u0443\u044e \u0456 \u043d\u0456\u0436\u043d\u044f\u043b\u0443\u0436\u044b\u0446\u043a\u0443\u044e \u043c\u043e\u0432\u044b: \u043d\u0430 \u043c\u0430\u0442\u044d\u0440\u044b\u044f\u043b\u0435 \u043f\u0435\u0440\u0430\u043a\u043b\u0430\u0434\u0430\u045e \u0411.\u00a0\u0422\u0430\u0440\u0430\u0448\u043a\u0435\u0432\u0456\u0447\u0430 \u0456 \u0410.\u00a0\u041c\u0435\u0448\u043a\u0430\u043d\u043a\u0430 \/\/ \u0411\u0435\u043b\u0430\u0440\u0443\u0441\u043a\u0430\u044f \u0433\u0440\u0430\u043c\u0430\u0442\u044b\u043a\u0430: \u0430\u0434 \u0411\u0440\u0430\u043d\u0456\u0441\u043b\u0430\u0432\u0430 \u0422\u0430\u0440\u0430\u0448\u043a\u0435\u0432\u0456\u0447\u0430 \u0434\u0430 \u0441\u0443\u0447\u0430\u0441\u043d\u0430\u0441\u0446\u0456: \u0437\u0431\u043e\u0440\u043d\u0456\u043a \u043c\u0430\u0442\u044d\u0440\u044b\u044f\u043b\u0430\u045e \u041c\u0456\u0436\u043d\u0430\u0440\u043e\u0434\u043d\u0430\u0439 \u043d\u0430\u0432\u0443\u043a\u043e\u0432\u0430\u0439 \u043a\u0430\u043d\u0444\u0435\u0440\u044d\u043d\u0446\u044b\u0456: \u041c\u0456\u043d\u0441\u043a, 19-20 \u0441\u0442\u0443\u0434\u0437\u0435\u043d\u044f 2017 \u0433. \/ \u0420\u044d\u0434. \u0412.\u041f. \u0420\u0443\u0441\u0430\u043a [\u0456 \u0456\u043d\u0448.]. \u2013 \u041c\u0456\u043d\u0441\u043a, 2017. \u2013 \u0421. 71-76.<\/li><li>\u041a\u043e\u0440\u0440\u0435\u043b\u044f\u0446\u0438\u044f \u043c\u0435\u0436\u0434\u0443 \u0442\u0435\u0440\u043c\u0438\u043d\u0430\u043c\u0438 \u043e\u0434\u043d\u043e\u0439 \u0442\u0435\u043c\u0430\u0442\u0438\u0447\u0435\u0441\u043a\u043e\u0439 \u0433\u0440\u0443\u043f\u043f\u044b \u0438 \u0441\u043e\u043e\u0442\u0432\u0435\u0442\u0441\u0442\u0432\u0443\u044e\u0449\u0438\u043c\u0438 \u0434\u043e\u043a\u0443\u043c\u0435\u043d\u0442\u0430\u043c\u0438 \u0432 \u0431\u0438\u0431\u043b\u0438\u043e\u0433\u0440\u0430\u0444\u0438\u0447\u0435\u0441\u043a\u043e\u0439 \u0431\u0430\u0437\u0435 iSybislaw: \u043a \u0432\u043e\u043f\u0440\u043e\u0441\u0443 \u0440\u0435\u043b\u0435\u0432\u0430\u043d\u0442\u043d\u043e\u0441\u0442\u0438 \u043f\u043e\u0438\u0441\u043a\u0430 \/\/ \u0422\u0435\u0440\u043c\u0456\u043d\u043e\u043b\u043e\u0433\u0456\u0447\u043d\u0438\u0439 \u0432\u0456\u0441\u043d\u0438\u043a: \u0417\u0431\u0456\u0440\u043d\u0438\u043a \u043d\u0430\u0443\u043a\u043e\u0432\u0438\u0445 \u043f\u0440\u0430\u0446\u044c. \u2013 \u0412\u0438\u043f 4, 2017. \u2013 \u0421. 205-213.<\/li><li>\u201cZ p\u00f3lskimi harcerjemi w Pol\u011bsnych b\u0142otach\u201d \u0456 \u201cPolesje\u201d \u041c.\u00a0\u041d\u043e\u0432\u0430\u043a\u0430-\u041d\u0435\u043a\u0430\u0440\u043d\u044c\u0441\u043a\u0430\u0433\u0430 \u045e \u043a\u0430\u043d\u0442\u044d\u043a\u0441\u0442\u0430\u0445 \u0440\u043e\u0437\u043d\u044b\u0445 \u044d\u043f\u043e\u0445: \u043a\u0430\u043d\u0444\u0440\u0430\u043d\u0442\u0430\u0442\u044b\u045e\u043d\u044b \u0430\u043d\u0430\u043b\u0456\u0437 \/ \u042f.\u0412. \u0412\u043e\u043b\u043a\u0430\u0432\u0430 \/\/ Zeszyty \u0141u\u017cyckie, \u2116 51, 2017. \u2013 \u0421. 373-387.<\/li><li>\u0421\u0456\u043d\u0430\u043d\u0456\u043c\u0456\u044f \u0442\u044d\u0440\u043c\u0456\u043d\u0430\u045e \u0441\u0430 \u0437\u043d\u0430\u0447\u044d\u043d\u043d\u0435\u043c \u2018\u043d\u0430\u0432\u0443\u043a\u0430 \u043f\u0440\u0430 \u043c\u043e\u0432\u0443\u2019 \u045e \u0441\u043b\u0430\u0432\u044f\u043d\u0441\u043a\u0456\u0445 \u043c\u043e\u0432\u0430\u0445 \/ \u042f\u045e\u0433\u0435\u043d\u0456\u044f \u0412\u043e\u043b\u043a\u0430\u0432\u0430 \/\/ Dynamika wsp\u00f3\u0142czesnego s\u0142ownictwa s\u0142owia\u0144skiego w przestrzeni stylowo-funkcjonalnej. \u2013 Warszawa, 2017. \u2013 \u0421. 61-76.<\/li><li>\u041f\u0440\u0430 \u0430\u0434\u043d\u0443 \u0441\u0456\u043d\u0442\u0430\u043a\u0441\u0456\u0447\u043d\u0443\u044e \u0444\u0443\u043d\u043a\u0446\u044b\u044e \u0434\u0437\u0435\u0435\u043f\u0440\u044b\u0441\u043b\u043e\u045e\u044f\u045e \u0443 \u0431\u0435\u043b\u0430\u0440\u0443\u0441\u043a\u0430\u0439 \u0456 \u0441\u0435\u0440\u0431\u0430\u043b\u0443\u0436\u044b\u0446\u043a\u0456\u0445 \u043c\u043e\u0432\u0430\u0445 \/\/ \u0411\u0435\u043b\u0430\u0440\u0443\u0441\u043a\u0430\u044f \u043b\u0456\u043d\u0433\u0432\u0456\u0441\u0442\u044b\u043a\u0430. \u0412\u044b\u043f. 80, 2018. \u2013 \u0421. 103-110.<\/li><\/ol>\t\t\t\t\t\t\t\t<\/div>\n\t\t\t\t<\/div>\n\t\t\t\t\t<\/div>\n\t\t\t\t<\/div>\n\t\t\t\t<\/div>","protected":false},"excerpt":{"rendered":"<p>\u0412\u043e\u043b\u043a\u043e\u0432\u0430 \u0415\u0432\u0433\u0435\u043d\u0438\u044f \u0412\u0438\u0442\u0430\u043b\u044c\u0435\u0432\u043d\u0430 \u043d\u0430\u0443\u0447\u043d\u044b\u0439 \u0441\u043e\u0442\u0440\u0443\u0434\u043d\u0438\u043a \u043e\u0442\u0434\u0435\u043b\u0430 \u0441\u043b\u0430\u0432\u0438\u0441\u0442\u0438\u043a\u0438 \u0438 \u0442\u0435\u043e\u0440\u0438\u0438 \u044f\u0437\u044b\u043a\u0430\u0418\u043d\u0441\u0442\u0438\u0442\u0443\u0442\u0430 \u044f\u0437\u044b\u043a\u043e\u0437\u043d\u0430\u043d\u0438\u044f \u0438\u043c\u0435\u043d\u0438 \u042f\u043a\u0443\u0431\u0430 \u041a\u043e\u043b\u0430\u0441\u0430 \u0422\u0435\u043b.: +(375) 17 270-27-18 E-mail: tan1olif@gmail.com&#8230;<\/p>","protected":false},"author":1,"featured_media":0,"parent":32684,"menu_order":4,"comment_status":"closed","ping_status":"closed","template":"","meta":{"footnotes":""},"class_list":["post-32742","page","type-page","status-publish"],"_links":{"self":[{"href":"https:\/\/belcentre.by\/be\/wp-json\/wp\/v2\/pages\/32742","targetHints":{"allow":["GET"]}}],"collection":[{"href":"https:\/\/belcentre.by\/be\/wp-json\/wp\/v2\/pages"}],"about":[{"href":"https:\/\/belcentre.by\/be\/wp-json\/wp\/v2\/types\/page"}],"author":[{"embeddable":true,"href":"https:\/\/belcentre.by\/be\/wp-json\/wp\/v2\/users\/1"}],"replies":[{"embeddable":true,"href":"https:\/\/belcentre.by\/be\/wp-json\/wp\/v2\/comments?post=32742"}],"version-history":[{"count":18,"href":"https:\/\/belcentre.by\/be\/wp-json\/wp\/v2\/pages\/32742\/revisions"}],"predecessor-version":[{"id":32762,"href":"https:\/\/belcentre.by\/be\/wp-json\/wp\/v2\/pages\/32742\/revisions\/32762"}],"up":[{"embeddable":true,"href":"https:\/\/belcentre.by\/be\/wp-json\/wp\/v2\/pages\/32684"}],"wp:attachment":[{"href":"https:\/\/belcentre.by\/be\/wp-json\/wp\/v2\/media?parent=32742"}],"curies":[{"name":"wp","href":"https:\/\/api.w.org\/{rel}","templated":true}]}}