{"id":32793,"date":"2024-07-10T15:51:53","date_gmt":"2024-07-10T12:51:53","guid":{"rendered":"https:\/\/belcentre.by\/?page_id=32793"},"modified":"2024-07-10T16:01:27","modified_gmt":"2024-07-10T13:01:27","slug":"%d0%b0%d0%bb%d0%b5%d0%ba%d1%81%d0%b5%d0%b5%d0%b2%d0%b8%d1%87-%d0%b0%d0%bd%d0%bd%d0%b0-%d0%b2%d0%b8%d0%ba%d1%82%d0%be%d1%80%d0%be%d0%b2%d0%bd%d0%b0","status":"publish","type":"page","link":"https:\/\/belcentre.by\/be\/%d1%81%d0%b5%d0%ba%d1%82%d0%be%d1%80-%d1%8d%d1%82%d0%bd%d0%be%d0%bb%d0%b8%d0%bd%d0%b3%d0%b2%d0%b8%d1%81%d1%82%d0%b8%d0%ba%d0%b8-%d0%b8-%d1%84%d0%be%d0%bb%d1%8c%d0%ba%d0%bb%d0%be%d1%80%d0%b0\/%d0%b0%d0%bb%d0%b5%d0%ba%d1%81%d0%b5%d0%b5%d0%b2%d0%b8%d1%87-%d0%b0%d0%bd%d0%bd%d0%b0-%d0%b2%d0%b8%d0%ba%d1%82%d0%be%d1%80%d0%be%d0%b2%d0%bd%d0%b0\/","title":{"rendered":"\u0410\u043b\u0435\u043a\u0441\u044f\u0435\u0432\u0456\u0447 \u0413\u0430\u043d\u043d\u0430 \u0412\u0456\u043a\u0442\u0430\u0440\u0430\u045e\u043d\u0430"},"content":{"rendered":"<div data-elementor-type=\"wp-page\" data-elementor-id=\"32793\" class=\"elementor elementor-32793\" data-elementor-post-type=\"page\">\n\t\t\t\t<div class=\"elementor-element elementor-element-711f767 e-flex e-con-boxed e-con e-parent\" data-id=\"711f767\" data-element_type=\"container\" data-settings=\"{&quot;ekit_has_onepagescroll_dot&quot;:&quot;yes&quot;}\">\n\t\t\t\t\t<div class=\"e-con-inner\">\n\t\t<div class=\"elementor-element elementor-element-77c4174 e-con-full e-flex e-con e-child\" data-id=\"77c4174\" data-element_type=\"container\" data-settings=\"{&quot;ekit_has_onepagescroll_dot&quot;:&quot;yes&quot;}\">\n\t\t\t\t<div class=\"elementor-element elementor-element-d5a643a elementor-widget elementor-widget-image\" data-id=\"d5a643a\" data-element_type=\"widget\" data-settings=\"{&quot;ekit_we_effect_on&quot;:&quot;none&quot;}\" data-widget_type=\"image.default\">\n\t\t\t\t<div class=\"elementor-widget-container\">\n\t\t\t\t\t\t\t\t\t\t\t\t\t\t\t<img fetchpriority=\"high\" decoding=\"async\" width=\"189\" height=\"300\" src=\"https:\/\/belcentre.by\/wp-content\/uploads\/2024\/07\/\u0410\u043b\u0435\u043a\u0441\u044f\u0435\u0432\u0456\u0447-189x300.jpg\" class=\"attachment-medium size-medium wp-image-32794\" alt=\"\" srcset=\"https:\/\/belcentre.by\/wp-content\/uploads\/2024\/07\/\u0410\u043b\u0435\u043a\u0441\u044f\u0435\u0432\u0456\u0447-189x300.jpg 189w, https:\/\/belcentre.by\/wp-content\/uploads\/2024\/07\/\u0410\u043b\u0435\u043a\u0441\u044f\u0435\u0432\u0456\u0447.jpg 652w\" sizes=\"(max-width: 189px) 100vw, 189px\" \/>\t\t\t\t\t\t\t\t\t\t\t\t\t\t\t<\/div>\n\t\t\t\t<\/div>\n\t\t\t\t<\/div>\n\t\t<div class=\"elementor-element elementor-element-10dd436 e-con-full e-flex e-con e-child\" data-id=\"10dd436\" data-element_type=\"container\" data-settings=\"{&quot;ekit_has_onepagescroll_dot&quot;:&quot;yes&quot;}\">\n\t\t\t\t<div class=\"elementor-element elementor-element-3b71b3f elementor-widget elementor-widget-heading\" data-id=\"3b71b3f\" data-element_type=\"widget\" data-settings=\"{&quot;ekit_we_effect_on&quot;:&quot;none&quot;}\" data-widget_type=\"heading.default\">\n\t\t\t\t<div class=\"elementor-widget-container\">\n\t\t\t\t\t<h3 class=\"elementor-heading-title elementor-size-default\">\u0410\u043b\u0435\u043a\u0441\u044f\u0435\u0432\u0456\u0447 \u0413\u0430\u043d\u043d\u0430 \u0412\u0456\u043a\u0442\u0430\u0440\u0430\u045e\u043d\u0430<\/h3>\t\t\t\t<\/div>\n\t\t\t\t<\/div>\n\t\t\t\t<div class=\"elementor-element elementor-element-0cfe544 elementor-widget elementor-widget-heading\" data-id=\"0cfe544\" data-element_type=\"widget\" data-settings=\"{&quot;ekit_we_effect_on&quot;:&quot;none&quot;}\" data-widget_type=\"heading.default\">\n\t\t\t\t<div class=\"elementor-widget-container\">\n\t\t\t\t\t<h5 class=\"elementor-heading-title elementor-size-default\">\u0441\u0442\u0430\u0440\u0448\u044b \u043d\u0430\u0432\u0443\u043a\u043e\u0432\u044b \u0441\u0443\u043f\u0440\u0430\u0446\u043e\u045e\u043d\u0456\u043a \u0441\u0435\u043a\u0442\u0430\u0440\u0430 \u044d\u0442\u043d\u0430\u043b\u0456\u043d\u0433\u0432\u0456\u0441\u0442\u044b\u043a\u0456 \u0456 \u0444\u0430\u043b\u044c\u043a\u043b\u043e\u0440\u0443 <br> \u0430\u0434\u0434\u0437\u0435\u043b\u0430 \u0441\u043b\u0430\u0432\u0456\u0441\u0442\u044b\u043a\u0456 \u0456 \u0442\u044d\u043e\u0440\u044b\u0456 \u043c\u043e\u0432\u044b <br>\u0406\u043d\u0441\u0442\u044b\u0442\u0443\u0442\u0430 \u043c\u043e\u0432\u0430\u0437\u043d\u0430\u045e\u0441\u0442\u0432\u0430 \u0456\u043c\u044f \u042f\u043a\u0443\u0431\u0430 \u041a\u043e\u043b\u0430\u0441\u0430<br>\u043a\u0430\u043d\u0434\u044b\u0434\u0430\u0442 \u0444\u0456\u043b\u0430\u043b\u0430\u0433\u0456\u0447\u043d\u044b\u0445 \u043d\u0430\u0432\u0443\u043a<\/h5>\t\t\t\t<\/div>\n\t\t\t\t<\/div>\n\t\t\t\t<div class=\"elementor-element elementor-element-c2cb0be elementor-widget elementor-widget-heading\" data-id=\"c2cb0be\" data-element_type=\"widget\" data-settings=\"{&quot;ekit_we_effect_on&quot;:&quot;none&quot;}\" data-widget_type=\"heading.default\">\n\t\t\t\t<div class=\"elementor-widget-container\">\n\t\t\t\t\t<div class=\"elementor-heading-title elementor-size-default\">\u0422\u044d\u043b.: +375 (17) 270-24-69 <br>\nE-mail: <a href=\"mailto:tan1olif@gmail.com\">tan1olif@gmail.com\n<\/a><\/div>\t\t\t\t<\/div>\n\t\t\t\t<\/div>\n\t\t\t\t<\/div>\n\t\t\t\t\t<\/div>\n\t\t\t\t<\/div>\n\t\t<div class=\"elementor-element elementor-element-4eb8bdf e-flex e-con-boxed e-con e-parent\" data-id=\"4eb8bdf\" data-element_type=\"container\" data-settings=\"{&quot;ekit_has_onepagescroll_dot&quot;:&quot;yes&quot;}\">\n\t\t\t\t\t<div class=\"e-con-inner\">\n\t\t\t\t<div class=\"elementor-element elementor-element-533f7b0 elementor-widget elementor-widget-text-editor\" data-id=\"533f7b0\" data-element_type=\"widget\" data-settings=\"{&quot;ekit_we_effect_on&quot;:&quot;none&quot;}\" data-widget_type=\"text-editor.default\">\n\t\t\t\t<div class=\"elementor-widget-container\">\n\t\t\t\t\t\t\t\t\t<p>\u041f\u0440\u0430\u0446\u0443\u0435 \u045e \u0406\u043d\u0441\u0442\u044b\u0442\u0443\u0446\u0435 \u043c\u043e\u0432\u0430\u0437\u043d\u0430\u045e\u0441\u0442\u0432\u0430 \u0456\u043c\u044f \u042f\u043a\u0443\u0431\u0430 \u041a\u043e\u043b\u0430\u0441\u0430 \u0437 2019 \u0433.<\/p><p>\u0423 2009 \u0433. \u0441\u043a\u043e\u043d\u0447\u044b\u043b\u0430 \u0411\u0435\u043b\u0430\u0440\u0443\u0441\u043a\u0456 \u0434\u0437\u044f\u0440\u0436\u0430\u045e\u043d\u044b \u045e\u043d\u0456\u0432\u0435\u0440\u0441\u0456\u0442\u044d\u0442 \u043f\u0430 \u0441\u043f\u0435\u0446\u044b\u044f\u043b\u044c\u043d\u0430\u0441\u0446\u0456 \u201c\u0421\u043b\u0430\u0432\u044f\u043d\u0441\u043a\u0430\u044f \u0444\u0456\u043b\u0430\u043b\u043e\u0433\u0456\u044f\u201d (\u0447\u044d\u0448\u0441\u043a\u0430\u044f \u0456 \u0431\u0435\u043b\u0430\u0440\u0443\u0441\u043a\u0430\u044f \u043c\u043e\u0432\u044b \u0456 \u043b\u0456\u0442\u0430\u0440\u0430\u0442\u0443\u0440\u044b), \u0443 2010 \u0433. \u2013 \u043c\u0430\u0433\u0456\u0441\u0442\u0440\u0430\u0442\u0443\u0440\u0443. \u0417 2016 \u043f\u0430 2019 \u0433. \u043d\u0430\u0432\u0443\u0447\u0430\u043b\u0430\u0441\u044f \u045e \u0430\u0441\u043f\u0456\u0440\u0430\u043d\u0442\u0443\u0440\u044b \u0406\u043d\u0441\u0442\u044b\u0442\u0443\u0442\u0430 \u043c\u043e\u0432\u0430\u0437\u043d\u0430\u045e\u0441\u0442\u0432\u0430 \u0456\u043c\u044f \u042f\u043a\u0443\u0431\u0430 \u041a\u043e\u043b\u0430\u0441\u0430, \u0430\u0431\u0430\u0440\u0430\u043d\u0456\u043b\u0430 \u043a\u0430\u043d\u0434\u044b\u0434\u0430\u0446\u043a\u0443\u044e \u0434\u044b\u0441\u0435\u0440\u0442\u0430\u0446\u044b\u044e \u043f\u0430 \u0442\u044d\u043c\u0435 \u201c\u0427\u044d\u0448\u0441\u043a\u0430\u044f \u043c\u043e\u045e\u043d\u0430\u044f \u0442\u0440\u0430\u0434\u044b\u0446\u044b\u044f \u045e \u0411\u0435\u043b\u0430\u0440\u0443\u0441\u0456: \u0441\u0442\u0430\u0440\u0430\u0431\u0435\u043b\u0430\u0440\u0443\u0441\u043a\u0456 \u043f\u0435\u0440\u044b\u044f\u0434\u201d (2021 \u0433.). \u0410\u045e\u0442\u0430\u0440 \u043d\u0430\u0432\u0443\u043a\u043e\u0432\u0430\u0439 \u043c\u0430\u043d\u0430\u0433\u0440\u0430\u0444\u0456\u0456 \u201c\u0423\u0441\u0445\u043e\u0434\u043d\u0435- \u0456 \u0437\u0430\u0445\u043e\u0434\u043d\u0435\u0441\u043b\u0430\u0432\u044f\u043d\u0441\u043a\u0430\u0435 \u043c\u043e\u045e\u043d\u0430\u0435 \u045e\u0437\u0430\u0435\u043c\u0430\u0434\u0437\u0435\u044f\u043d\u043d\u0435 \u045e XIV\u2013XVII \u0441\u0442\u0441\u0442.\u201d (2023 \u0433.).<\/p><p><strong>\u041f\u0440\u043e\u0444\u0456\u043b\u0456<\/strong>:<\/p><p>ORCID: <a href=\"https:\/\/orcid.org\/0000-0003-2950-9890\">https:\/\/orcid.org\/0000-0003-2950-9890<\/a><\/p><p>ACADEMIA.EDU: <a href=\"https:\/\/nasb-by.academia.edu\/HannaAleksiayevich\">https:\/\/nasb-by.academia.edu\/HannaAleksiayevich<\/a><\/p><p>Google Scholar: <a href=\"https:\/\/scholar.google.com\/citations?user=qg246wIAAAAJ&amp;hl=ru\">https:\/\/scholar.google.com\/citations?user=qg246wIAAAAJ&amp;hl=ru<\/a><\/p><p><strong>\u0421\u0444\u0435\u0440\u0430 \u043d\u0430\u0432\u0443\u043a\u043e\u0432\u044b\u0445 \u0456\u043d\u0442\u0430\u0440\u044d\u0441\u0430\u045e:<\/strong>: \u0441\u043b\u0430\u0432\u0456\u0441\u0442\u044b\u043a\u0430, \u044d\u0442\u044b\u043c\u0430\u043b\u043e\u0433\u0456\u044f, \u0433\u0456\u0441\u0442\u043e\u0440\u044b\u044f \u0431\u0435\u043b\u0430\u0440\u0443\u0441\u043a\u0430\u0439 \n\u043c\u043e\u0432\u044b, \u0433\u0456\u0441\u0442\u043e\u0440\u044b\u044f \u0447\u044d\u0448\u0441\u043a\u0430\u0439 \u043c\u043e\u0432\u044b, \u044d\u0442\u043d\u0430\u043b\u0456\u043d\u0433\u0432\u0456\u0441\u0442\u044b\u043a\u0430.<\/p><p><strong>\u0412\u044b\u0431\u0440\u0430\u043d\u044b\u044f \u043f\u0443\u0431\u043b\u0456\u043a\u0430\u0446\u044b\u0456<\/strong><\/p><ol><li>\u0410\u043b\u0435\u043a\u0441\u0435\u0435\u0432\u0438\u0447, \u0410. \u0411\u043e\u0433\u0435\u043c\u0438\u0437\u043c\u044b \u0432 \u0432\u043e\u0441\u0442\u043e\u0447\u043d\u043e\u0441\u043b\u0430\u0432\u044f\u043d\u0441\u043a\u0438\u0445 \u043f\u0438\u0441\u044c\u043c\u0435\u043d\u043d\u044b\u0445 \u044f\u0437\u044b\u043a\u0430\u0445 XIV\u2013XVIII \u0432\u0432. \/ \u0410.\u00a0\u0410\u043b\u0435\u043a\u0441\u0435\u0435\u0432\u0438\u0447 \/\/ Slavia, 2021. \u2013 Ro\u010d. 90, se\u0161. 3. \u2013 S. 336\u2013348.<\/li><li>\u0410\u043b\u0435\u043a\u0441\u0435\u0435\u0432\u0438\u0447, \u0410. \u0412. \u0411\u043e\u0433\u0435\u043c\u0438\u0437\u043c\u044b \u0432 \u0441\u0442\u0430\u0440\u043e\u0431\u0435\u043b\u043e\u0440\u0443\u0441\u0441\u043a\u0438\u0445 \u043f\u0435\u0440\u0435\u0432\u043e\u0434\u0430\u0445 \u00ab\u041f\u0435\u0441\u043d\u0438 \u043f\u0435\u0441\u043d\u0435\u0439\u00bb \/ \u0410.\u00a0\u0410\u043b\u0435\u043a\u0441\u0435\u0435\u0432\u0438\u0447 \/\/ \u0421\u043b\u0430\u0432\u044f\u043d\u043e\u0432\u0435\u0434\u0435\u043d\u0438\u0435. \u2013 2022. \u2013 \u2116 2. \u2013 \u0421.\u00a054\u201366.<\/li><li>\u0410\u043b\u0435\u043a\u0441\u0435\u0435\u0432\u0438\u0447, \u0410. \u0412. \u0418\u043d\u043e\u0441\u043b\u0430\u0432\u044f\u043d\u0441\u043a\u0438\u0435 \u0437\u0430\u0438\u043c\u0441\u0442\u0432\u043e\u0432\u0430\u043d\u0438\u044f \u0432 \u0441\u0442\u0430\u0440\u043e\u0431\u0435\u043b\u043e\u0440\u0443\u0441\u0441\u043a\u043e\u043c \u044f\u0437\u044b\u043a\u0435 \u043d\u0430 \u0444\u043e\u043d\u0435 \u0438\u0441\u043a\u043e\u043d\u043d\u043e\u0439 \u043b\u0435\u043a\u0441\u0438\u043a\u0438 \/ \u0410.\u00a0\u0410\u043b\u0435\u043a\u0441\u0435\u0435\u0432\u0438\u0447 \/\/ Konferen\u010dn\u00ed sborn\u00edk \u201eStaroslov\u011bnsk\u00e9 d\u011bdictv\u00ed v\u00a0slovansk\u00fdch a jin\u00fdch jazyc\u00edch\u201c pro Etymologick\u00e9 symposion Brno 2020. \u2013 Praha, 2021. \u2013 S. 141\u2013152.<\/li><li>\u0410\u043b\u0435\u043a\u0441\u044f\u0435\u0432\u0456\u0447, \u0413. \u0412. \u0427\u044d\u0448\u0441\u043a\u0430-\u0431\u0435\u043b\u0430\u0440\u0443\u0441\u043a\u0456\u044f \u043c\u043e\u045e\u043d\u044b\u044f \u043a\u0430\u043d\u0442\u0430\u043a\u0442\u044b \u045e XV\u2013XVI \u0441\u0442\u0441\u0442. \/ \u0413.\u00a0\u0412.\u00a0\u0410\u043b\u0435\u043a\u0441\u044f\u0435\u0432\u0456\u0447 \/\/ \u041d\u0430\u0443\u0447\u043d\u044b\u0435 \u0447\u0442\u0435\u043d\u0438\u044f, \u043f\u043e\u0441\u0432\u044f\u0449\u0435\u043d\u043d\u044b\u0435 \u0412\u0438\u043a\u0442\u043e\u0440\u0443 \u0412\u043b\u0430\u0434\u0438\u043c\u0438\u0440\u043e\u0432\u0438\u0447\u0443 \u041c\u0430\u0440\u0442\u044b\u043d\u043e\u0432\u0443 : \u0441\u0431. \u043d\u0430\u0443\u0447\u043d. \u0442\u0440\u0443\u0434\u043e\u0432. \u0412\u044b\u043f. V \/ \u041d\u0430\u0446. \u0430\u043a\u0430\u0434. \u043d\u0430\u0443\u043a \u0411\u0435\u043b\u0430\u0440\u0443\u0441\u0438, \u0426\u0435\u043d\u0442\u0440 \u0438\u0441\u0441\u043b\u0435\u0434. \u0431\u0435\u043b\u043e\u0440\u0443\u0441. \u043a\u0443\u043b\u044c\u0442., \u044f\u0437\u044b\u043a\u0430 \u0438 \u043b\u0438\u0442. ; \u0440\u0435\u0434\u043a\u043e\u043b.: \u0413.\u00a0\u0410.\u00a0\u0426\u044b\u0445\u0443\u043d (\u043e\u0442\u0432. \u0440\u0435\u0434.), \u0421.\u00a0\u041f.\u00a0\u0412\u0438\u0442\u044f\u0437\u044c (\u0437\u0430\u043c. \u043e\u0442\u0432. \u0440\u0435\u0434.) [\u0438 \u0434\u0440.]. \u2013 \u041c\u0438\u043d\u0441\u043a, 2017. \u2013 \u0421. 126\u2013134.<\/li><li>\u0410\u043b\u0435\u043a\u0441\u044f\u0435\u0432\u0456\u0447, \u0413. \u0412. \u0420\u044d\u043b\u0456\u0433\u0456\u0439\u043d\u0430\u044f \u043b\u0435\u043a\u0441\u0456\u043a\u0430 \u0447\u044d\u0448\u0441\u043a\u0430-\u043f\u043e\u043b\u044c\u0441\u043a\u0430\u0433\u0430 \u043f\u0430\u0445\u043e\u0434\u0436\u0430\u043d\u043d\u044f \u045e \u0431\u0435\u043b\u0430\u0440\u0443\u0441\u043a\u0430\u0439 \u043c\u043e\u0432\u0435 \/ \u0413.\u00a0\u0412.\u00a0\u0410\u043b\u0435\u043a\u0441\u044f\u0435\u0432\u0456\u0447 \/\/ \u0411\u0435\u043b\u0430\u0440\u0443\u0441\u043a\u0430\u044f \u043b\u0456\u043d\u0433\u0432\u0456\u0441\u0442\u044b\u043a\u0430. \u2013 2017. \u2013 \u0412\u044b\u043f. 79. \u2013 \u0421. 50\u201359.<\/li><li>\u0406\u043d\u0448\u0430\u043c\u043e\u045e\u043d\u0430\u044f \u0432\u0430\u0435\u043d\u043d\u0430\u044f \u043b\u0435\u043a\u0441\u0456\u043a\u0430 \u0447\u044d\u0448\u0441\u043a\u0430-\u043f\u043e\u043b\u044c\u0441\u043a\u0430\u0433\u0430 \u043f\u0430\u0445\u043e\u0434\u0436\u0430\u043d\u043d\u044f \u045e \u0431\u0435\u043b\u0430\u0440\u0443\u0441\u043a\u0430\u0439 \u043c\u043e\u0432\u0435 \/ \u0413.\u00a0\u0412.\u00a0\u0410\u043b\u0435\u043a\u0441\u044f\u0435\u0432\u0456\u0447 \/\/ \u0413\u0456\u0441\u0442\u0430\u0440\u044b\u0447\u043d\u0430\u0435 \u043c\u043e\u0432\u0430\u0437\u043d\u0430\u045e\u0441\u0442\u0432\u0430 \u045e \u043a\u0430\u043d\u0442\u044d\u043a\u0441\u0446\u0435 \u043c\u0456\u0436\u0434\u044b\u0441\u0446\u044b\u043f\u043b\u0456\u043d\u0430\u0440\u043d\u044b\u0445 \u0434\u0430\u0441\u043b\u0435\u0434\u0430\u0432\u0430\u043d\u043d\u044f\u045e : \u0437\u0431. \u0430\u0440\u0442. \/ \u041d\u0430\u0446. \u0430\u043a\u0430\u0434. \u043d\u0430\u0432\u0443\u043a \u0411\u0435\u043b\u0430\u0440\u0443\u0441\u0456, \u0426\u044d\u043d\u0442\u0440 \u0434\u0430\u0441\u043b\u0435\u0434. \u0431\u0435\u043b\u0430\u0440\u0443\u0441. \u043a\u0443\u043b\u044c\u0442., \u043c\u043e\u0432\u044b \u0456 \u043b\u0456\u0442., \u0406\u043d-\u0442 \u043c\u043e\u0432\u0430\u0437\u043d\u0430\u045e\u0441\u0442\u0432\u0430 ; \u0440\u044d\u0434. \u0406.\u00a0\u0423.\u00a0\u0411\u0443\u0434\u0437\u044c\u043a\u043e, \u041d.\u00a0\u0412.\u00a0\u041f\u0430\u043b\u044f\u0448\u0447\u0443\u043a. \u2013 \u041c\u0456\u043d\u0441\u043a, 2017. \u2013 \u0421. 9\u201313.<\/li><li>\u0410\u043b\u0435\u043a\u0441\u044f\u0435\u0432\u0456\u0447, \u0413. \u0412. \u0411\u0430\u0433\u0435\u043c\u0456\u0437\u043c\u044b, \u0437\u0430\u043f\u0430\u0437\u044b\u0447\u0430\u043d\u044b\u044f \u043f\u0440\u0430\u0437 \u043f\u043e\u043b\u044c\u0441\u043a\u0430\u0435 \u043f\u0430\u0441\u0440\u044d\u0434\u043d\u0456\u0446\u0442\u0432\u0430, \u0443 \u0441\u0442\u0430\u0440\u0430\u0431\u0435\u043b\u0430\u0440\u0443\u0441\u043a\u0430\u0439 \u043c\u043e\u0432\u0435: \u0444\u0430\u043d\u0435\u0442\u044b\u0447\u043d\u044b \u0430\u0441\u043f\u0435\u043a\u0442 \/ \u0413.\u00a0\u0412.\u00a0\u0410\u043b\u0435\u043a\u0441\u044f\u0435\u0432\u0456\u0447 \/\/ \u0411\u0435\u043b\u0430\u0440\u0443\u0441\u043a\u0430\u044f \u043b\u0456\u043d\u0433\u0432\u0456\u0441\u0442\u044b\u043a\u0430. \u2013 2018. \u2013 \u0412\u044b\u043f. 80. \u2013 \u0421. 111\u2013123.<\/li><li>\u0410\u043b\u0435\u043a\u0441\u044f\u0435\u0432\u0456\u0447, \u0413. \u0412. \u041f\u043e\u043b\u044c\u0441\u043a\u0430\u044f \u043c\u043e\u0432\u0430 \u044f\u043a \u043f\u0430\u0441\u0440\u044d\u0434\u043d\u0456\u043a \u0443 \u043f\u0440\u0430\u0446\u044d\u0441\u0435 \u0437\u0430\u043f\u0430\u0437\u044b\u0447\u0432\u0430\u043d\u043d\u044f \u043b\u0435\u043a\u0441\u0435\u043c \u0437 \u0447\u044d\u0448\u0441\u043a\u0430\u0439 \u0443 \u0431\u0435\u043b\u0430\u0440\u0443\u0441\u043a\u0443\u044e \u043c\u043e\u0432\u0443 \/ \u0413.\u00a0\u0412.\u00a0\u0410\u043b\u0435\u043a\u0441\u044f\u0435\u0432\u0456\u0447 \/\/ \u0411\u0435\u043b\u0430\u0440\u0443\u0441\u043a\u0430-\u043f\u043e\u043b\u044c\u0441\u043a\u0456\u044f \u043c\u043e\u045e\u043d\u044b\u044f, \u043b\u0456\u0442\u0430\u0440\u0430\u0442\u0443\u0440\u043d\u044b\u044f, \u0433\u0456\u0441\u0442\u0430\u0440\u044b\u0447\u043d\u044b\u044f \u0456 \u043a\u0443\u043b\u044c\u0442\u0443\u0440\u043d\u044b\u044f \u0441\u0443\u0432\u044f\u0437\u0456. \u0414\u0430 220-\u0433\u043e\u0434\u0434\u0437\u044f \u0437 \u0434\u043d\u044f \u043d\u0430\u0440\u0430\u0434\u0436\u044d\u043d\u043d\u044f \u0410\u0434\u0430\u043c\u0430 \u041c\u0456\u0446\u043a\u0435\u0432\u0456\u0447\u0430 : \u0437\u0431. \u0430\u0440\u0442. \/ \u0411\u0435\u043b\u0430\u0440\u0443\u0441. \u0434\u0437\u044f\u0440\u0436. \u0443\u043d-\u0442 ; \u0440\u044d\u0434\u043a\u0430\u043b.: \u0406.\u042d.\u00a0\u0411\u0430\u0433\u0434\u0430\u043d\u043e\u0432\u0456\u0447 (\u0433\u0430\u043b. \u0440\u044d\u0434.) [\u0456 \u0456\u043d\u0448.]. \u2013 \u041c\u0456\u043d\u0441\u043a, 2018. \u2013 \u0421. 203\u2013213.<\/li><li>\u041c\u043e\u045e\u043d\u044b\u044f \u043a\u0430\u043d\u0442\u0430\u043a\u0442\u044b \u043f\u0430\u043c\u0456\u0436 \u0412\u044f\u043b\u0456\u043a\u0456\u043c \u041a\u043d\u044f\u0441\u0442\u0432\u0430\u043c \u041b\u0456\u0442\u043e\u045e\u0441\u043a\u0456\u043c \u0456 \u0427\u044d\u0448\u0441\u043a\u0456\u043c \u041a\u0430\u0440\u0430\u043b\u0435\u045e\u0441\u0442\u0432\u0430\u043c \u043f\u0435\u0440\u0448\u0430\u0439 \u0442\u0440\u044d\u0446\u0456 XV \u0441\u0442. \/ \u0413.\u00a0\u0412.\u00a0\u0410\u043b\u0435\u043a\u0441\u044f\u0435\u0432\u0456\u0447 \/\/ \u0411\u0435\u043b\u0430\u0440\u0443\u0441\u043a\u0430\u044f \u043b\u0456\u043d\u0433\u0432\u0456\u0441\u0442\u044b\u043a\u0430. \u2013 \u2013 \u0412\u044b\u043f. 82. \u2013 \u0421. 76\u201385.<\/li><li>\u0410\u043b\u0435\u043a\u0441\u044f\u0435\u0432\u0456\u0447, \u0413. \u0412. \u0421\u0442\u0430\u0440\u0430\u0447\u044d\u0448\u0441\u043a\u0430\u044f \u043f\u0456\u0441\u044c\u043c\u043e\u0432\u0430\u044f \u043c\u043e\u0432\u0430 \u043f\u0430-\u0437\u0430 \u043c\u0435\u0436\u0430\u043c\u0456 \u044f\u0435 \u044d\u0442\u043d\u0456\u0447\u043d\u0430\u0439 \u0442\u044d\u0440\u044b\u0442\u043e\u0440\u044b\u0456 \/ \u0413.\u00a0\u0412.\u00a0\u0410\u043b\u0435\u043a\u0441\u044f\u0435\u0432\u0456\u0447 \/\/ \u0411\u0435\u043b\u0430\u0440\u0443\u0441\u044c \u0443 \u043a\u0430\u043d\u0442\u044d\u043a\u0441\u0446\u0435 \u0435\u045e\u0440\u0430\u043f\u0435\u0439\u0441\u043a\u0430\u0439 \u0433\u0456\u0441\u0442\u043e\u0440\u044b\u0456: \u0430\u0441\u043e\u0431\u0430, \u0433\u0440\u0430\u043c\u0430\u0434\u0441\u0442\u0432\u0430, \u0434\u0437\u044f\u0440\u0436\u0430\u0432\u0430 : \u0437\u0431. \u043d\u0430\u0432\u0443\u043a. \u0430\u0440\u0442. : \u0443 2 \u0447. \/ \u0413\u0440\u043e\u0434\u0437\u0435\u043d. \u0434\u0437\u044f\u0440\u0436. \u0443\u043d-\u0442 ; \u0440\u044d\u0434\u043a\u0430\u043b.: \u0410.\u00a0\u0410.\u00a0\u041a\u0430\u0432\u0430\u043b\u0435\u043d\u044f (\u0433\u0430\u043b. \u0440\u044d\u0434.), \u0406.\u00a0\u0424.\u00a0\u041a\u0456\u0442\u0443\u0440\u043a\u0430 (\u0433\u0430\u043b. \u0440\u044d\u0434.) [\u0456 \u0456\u043d\u0448.]. \u2013 \u0413\u0440\u043e\u0434\u043d\u0430, 2019. \u2013 \u0427. 1. \u2013 \u0421. 389\u2013393.<\/li><li>\u0410\u043b\u0435\u043a\u0441\u044f\u0435\u0432\u0456\u0447, \u0413. \u0412. \u0411\u0430\u0433\u0435\u043c\u0456\u0437\u043c\u044b \u045e \u0441\u0442\u0430\u0440\u0430\u0431\u0435\u043b\u0430\u0440\u0443\u0441\u043a\u0456\u043c \u201c\u0421\u043a\u0430\u0437\u0430\u043d\u043d\u0456 \u043f\u0440\u0430 \u0421\u0456\u0432\u0456\u043b\u0443-\u043f\u0440\u0430\u0440\u043e\u0447\u044b\u0446\u0443\u201d \/ \u0413.\u00a0\u0412.\u00a0\u0410\u043b\u0435\u043a\u0441\u044f\u0435\u0432\u0456\u0447 \/\/ \u0411\u0435\u043b\u0430\u0440\u0443\u0441\u043a\u0430\u044f \u043c\u043e\u0432\u0430 \u2013 \u0433\u0430\u043b\u043e\u045e\u043d\u0430\u044f \u0433\u0456\u0441\u0442\u043e\u0440\u044b\u043a\u0430-\u043a\u0443\u043b\u044c\u0442\u0443\u0440\u043d\u0430\u044f \u043a\u0430\u0448\u0442\u043e\u045e\u043d\u0430\u0441\u0446\u044c \u043d\u0430\u0446\u044b\u0456 \u0456 \u0434\u0437\u044f\u0440\u0436\u0430\u0432\u044b: (\u0434\u0430 90-\u0433\u043e\u0434\u0434\u0437\u044f \u0406\u043d\u0441\u0442\u044b\u0442\u0443\u0442\u0430 \u043c\u043e\u0432\u0430\u0437\u043d\u0430\u045e\u0441\u0442\u0432\u0430 \u0456\u043c\u044f \u042f\u043a\u0443\u0431\u0430 \u041a\u043e\u043b\u0430\u0441\u0430): \u0437\u0431. \u043d\u0430\u0432\u0443\u043a. \u0430\u0440\u0442. \u0443 2 \u0447. \u2013 \u041c\u0456\u043d\u0441\u043a, 2021. \u2013 \u0427.1. \u2013 \u0421. 16\u201322.<\/li><li>\u0410\u043b\u0435\u043a\u0441\u044f\u0435\u0432\u0456\u0447, \u0413. \u0412. \u0411\u0430\u0433\u0435\u043c\u0456\u0437\u043c\u044b \u045e \u0441\u0442\u0430\u0440\u0430\u0431\u0435\u043b\u0430\u0440\u0443\u0441\u043a\u0456\u043c \u043b\u0456\u0442\u0430\u0440\u0430\u0442\u0443\u0440\u043d\u044b\u043c \u043f\u043e\u043c\u043d\u0456\u043a\u0443 \u201c\u0410\u043f\u043e\u0432\u0435\u0441\u0446\u044c \u043f\u0440\u0430 \u0422\u0430\u045e\u0434\u0430\u043b\u0430-\u0440\u044b\u0446\u0430\u0440\u0430\u201d \/ \u0413.\u00a0\u0412.\u00a0\u0410\u043b\u0435\u043a\u0441\u044f\u0435\u0432\u0456\u0447 \/\/ \u0412\u0435\u0441\u043d\u0456\u043a \u0411\u0435\u043b\u0430\u0440\u0443\u0441\u043a\u0430\u0433\u0430 \u0434\u0437\u044f\u0440\u0436\u0430\u045e\u043d\u0430\u0433\u0430 \u045e\u043d\u0456\u0432\u0435\u0440\u0441\u0456\u0442\u044d\u0442\u0430. \u0424\u0456\u043b\u0430\u043b\u043e\u0433\u0456\u044f, 2021. \u2013 \u2116\u00a03. \u2013 \u0421. 77\u201384.<\/li><li>\u0410\u043b\u0435\u043a\u0441\u044f\u0435\u0432\u0456\u0447, \u0413. \u0412. \u0420\u044d\u0434\u043a\u0430\u044f \u0434\u044d\u0440\u044b\u0432\u0430\u0446\u044b\u0439\u043d\u0430\u044f \u043c\u0430\u0434\u044d\u043b\u044c \u0443 \u0430\u0441\u043f\u0435\u043a\u0446\u0435 \u0447\u044d\u0448\u0441\u043a\u0430-\u043f\u043e\u043b\u044c\u0441\u043a\u0430-\u045e\u0441\u0445\u043e\u0434\u043d\u0435\u0441\u043b\u0430\u0432\u044f\u043d\u0441\u043a\u0456\u0445 \u043c\u043e\u045e\u043d\u044b\u0445 \u0441\u0443\u0432\u044f\u0437\u0435\u0439 \/ \u0413.\u00a0\u0412.\u00a0\u0410\u043b\u0435\u043a\u0441\u044f\u0435\u0432\u0456\u0447 \/\/ \u0411\u0435\u043b\u0430\u0440\u0443\u0441\u043a\u0430\u044f \u043b\u0456\u043d\u0433\u0432\u0456\u0441\u0442\u044b\u043a\u0430. \u2013 \u041c\u0456\u043d\u0441\u043a, 2021. \u2013 \u0412\u044b\u043f. 86. \u2013 \u0421. 76\u201386.<\/li><li>\u0410\u043b\u0435\u043a\u0441\u044f\u0454\u0432\u0456\u0447, \u0413. \u0412. \u0427\u0435\u0441\u044c\u043a\u0456 \u0437\u0430\u043f\u043e\u0437\u0438\u0447\u0435\u043d\u043d\u044f \u0432 \u0441\u0442\u0430\u0440\u043e\u0431\u0456\u043b\u043e\u0440\u0443\u0441\u044c\u043a\u0456\u0439 \u0442\u0430 \u0441\u0442\u0430\u0440\u043e\u0443\u043a\u0440\u0430\u0457\u043d\u0441\u044c\u043a\u0456\u0439 \u043f\u0438\u0441\u0435\u043c\u043d\u0438\u0445 \u043c\u043e\u0432\u0430\u0445 \/ \u0413.\u00a0\u0412.\u00a0\u0410\u043b\u0435\u043a\u0441\u044f\u0454\u0432\u0456\u0447 \/\/ \u041c\u043e\u0432\u043e\u0437\u043d\u0430\u0432\u0441\u0442\u0432\u043e, 2021. \u2013 \u2116 3. \u2013 \u0421. 36\u201354.<\/li><\/ol>\t\t\t\t\t\t\t\t<\/div>\n\t\t\t\t<\/div>\n\t\t\t\t\t<\/div>\n\t\t\t\t<\/div>\n\t\t\t\t<\/div>","protected":false},"excerpt":{"rendered":"<p>\u0410\u043b\u0435\u043a\u0441\u044f\u0435\u0432\u0456\u0447 \u0413\u0430\u043d\u043d\u0430 \u0412\u0456\u043a\u0442\u0430\u0440\u0430\u045e\u043d\u0430: \u0441\u0442\u0430\u0440\u0448\u044b \u043d\u0430\u0432\u0443\u043a\u043e\u0432\u044b \u0441\u0443\u043f\u0440\u0430\u0446\u043e\u045e\u043d\u0456\u043a \u0441\u0435\u043a\u0442\u0430\u0440\u0430 \u044d\u0442\u043d\u0430\u043b\u0456\u043d\u0433\u0432\u0456\u0441\u0442\u044b\u043a\u0456 \u0456 \u0444\u0430\u043b\u044c\u043a\u043b\u043e\u0440\u0443 \u0430\u0434\u0434\u0437\u0435\u043b\u0430 \u0441\u043b\u0430\u0432\u0456\u0441\u0442\u044b\u043a\u0456 \u0456 \u0442\u044d\u043e\u0440\u044b\u0456 \u043c\u043e\u0432\u044b \u0406\u043d\u0441\u0442\u044b\u0442\u0443\u0442\u0430 \u043c\u043e\u0432\u0430\u0437\u043d\u0430\u045e\u0441\u0442\u0432\u0430 \u0456\u043c\u044f \u042f\u043a\u0443\u0431\u0430 \u041a\u043e\u043b\u0430\u0441\u0430, \u043a\u0430\u043d\u0434\u044b\u0434\u0430\u0442\u2026<\/p>","protected":false},"author":1,"featured_media":0,"parent":32776,"menu_order":1,"comment_status":"closed","ping_status":"closed","template":"","meta":{"footnotes":""},"class_list":["post-32793","page","type-page","status-publish"],"_links":{"self":[{"href":"https:\/\/belcentre.by\/be\/wp-json\/wp\/v2\/pages\/32793","targetHints":{"allow":["GET"]}}],"collection":[{"href":"https:\/\/belcentre.by\/be\/wp-json\/wp\/v2\/pages"}],"about":[{"href":"https:\/\/belcentre.by\/be\/wp-json\/wp\/v2\/types\/page"}],"author":[{"embeddable":true,"href":"https:\/\/belcentre.by\/be\/wp-json\/wp\/v2\/users\/1"}],"replies":[{"embeddable":true,"href":"https:\/\/belcentre.by\/be\/wp-json\/wp\/v2\/comments?post=32793"}],"version-history":[{"count":3,"href":"https:\/\/belcentre.by\/be\/wp-json\/wp\/v2\/pages\/32793\/revisions"}],"predecessor-version":[{"id":32797,"href":"https:\/\/belcentre.by\/be\/wp-json\/wp\/v2\/pages\/32793\/revisions\/32797"}],"up":[{"embeddable":true,"href":"https:\/\/belcentre.by\/be\/wp-json\/wp\/v2\/pages\/32776"}],"wp:attachment":[{"href":"https:\/\/belcentre.by\/be\/wp-json\/wp\/v2\/media?parent=32793"}],"curies":[{"name":"wp","href":"https:\/\/api.w.org\/{rel}","templated":true}]}}