{"id":32890,"date":"2024-07-12T14:18:55","date_gmt":"2024-07-12T11:18:55","guid":{"rendered":"https:\/\/belcentre.by\/?page_id=32890"},"modified":"2024-07-12T14:55:20","modified_gmt":"2024-07-12T11:55:20","slug":"%d0%bf%d0%be%d0%bb%d0%b5%d1%89%d1%83%d0%ba-%d0%bd%d0%b0%d1%82%d0%b0%d0%bb%d1%8c%d1%8f-%d0%b2%d0%b8%d0%ba%d0%b5%d0%bd%d1%82%d1%8c%d0%b5%d0%b2%d0%bd%d0%b0","status":"publish","type":"page","link":"https:\/\/belcentre.by\/en\/%d0%be%d1%82%d0%b4%d0%b5%d0%bb-%d0%b8%d1%81%d1%82%d0%be%d1%80%d0%b8%d0%b8-%d0%b1%d0%b5%d0%bb%d0%be%d1%80%d1%83%d1%81%d1%81%d0%ba%d0%be%d0%b3%d0%be-%d1%8f%d0%b7%d1%8b%d0%ba%d0%b0\/%d0%bf%d0%be%d0%bb%d0%b5%d1%89%d1%83%d0%ba-%d0%bd%d0%b0%d1%82%d0%b0%d0%bb%d1%8c%d1%8f-%d0%b2%d0%b8%d0%ba%d0%b5%d0%bd%d1%82%d1%8c%d0%b5%d0%b2%d0%bd%d0%b0\/","title":{"rendered":"\u041f\u043e\u043b\u0435\u0449\u0443\u043a \u041d\u0430\u0442\u0430\u043b\u044c\u044f \u0412\u0438\u043a\u0435\u043d\u0442\u044c\u0435\u0432\u043d\u0430"},"content":{"rendered":"<div data-elementor-type=\"wp-page\" data-elementor-id=\"32890\" class=\"elementor elementor-32890\" data-elementor-post-type=\"page\">\n\t\t\t\t<div class=\"elementor-element elementor-element-3e1d4b6 e-flex e-con-boxed e-con e-parent\" data-id=\"3e1d4b6\" data-element_type=\"container\" data-settings=\"{&quot;ekit_has_onepagescroll_dot&quot;:&quot;yes&quot;}\">\n\t\t\t\t\t<div class=\"e-con-inner\">\n\t\t<div class=\"elementor-element elementor-element-1312c8c e-con-full e-flex e-con e-child\" data-id=\"1312c8c\" data-element_type=\"container\" data-settings=\"{&quot;ekit_has_onepagescroll_dot&quot;:&quot;yes&quot;}\">\n\t\t\t\t<div class=\"elementor-element elementor-element-5f7524e elementor-widget elementor-widget-image\" data-id=\"5f7524e\" data-element_type=\"widget\" data-settings=\"{&quot;ekit_we_effect_on&quot;:&quot;none&quot;}\" data-widget_type=\"image.default\">\n\t\t\t\t<div class=\"elementor-widget-container\">\n\t\t\t\t\t\t\t\t\t\t\t\t\t\t\t<img fetchpriority=\"high\" decoding=\"async\" width=\"300\" height=\"300\" src=\"https:\/\/belcentre.by\/wp-content\/uploads\/2024\/06\/female-business-silhouette-17-300x300.png\" class=\"attachment-medium size-medium wp-image-31649\" alt=\"\" srcset=\"https:\/\/belcentre.by\/wp-content\/uploads\/2024\/06\/female-business-silhouette-17-300x300.png 300w, https:\/\/belcentre.by\/wp-content\/uploads\/2024\/06\/female-business-silhouette-17-150x150.png 150w, https:\/\/belcentre.by\/wp-content\/uploads\/2024\/06\/female-business-silhouette-17-12x12.png 12w, https:\/\/belcentre.by\/wp-content\/uploads\/2024\/06\/female-business-silhouette-17-256x256.png 256w, https:\/\/belcentre.by\/wp-content\/uploads\/2024\/06\/female-business-silhouette-17.png 749w\" sizes=\"(max-width: 300px) 100vw, 300px\" \/>\t\t\t\t\t\t\t\t\t\t\t\t\t\t\t<\/div>\n\t\t\t\t<\/div>\n\t\t\t\t<\/div>\n\t\t<div class=\"elementor-element elementor-element-42bfda1 e-con-full e-flex e-con e-child\" data-id=\"42bfda1\" data-element_type=\"container\" data-settings=\"{&quot;ekit_has_onepagescroll_dot&quot;:&quot;yes&quot;}\">\n\t\t\t\t<div class=\"elementor-element elementor-element-c21aa9b elementor-widget elementor-widget-heading\" data-id=\"c21aa9b\" data-element_type=\"widget\" data-settings=\"{&quot;ekit_we_effect_on&quot;:&quot;none&quot;}\" data-widget_type=\"heading.default\">\n\t\t\t\t<div class=\"elementor-widget-container\">\n\t\t\t\t\t<h3 class=\"elementor-heading-title elementor-size-default\">\u041f\u041e\u041b\u0415\u0429\u0423\u041a \u041d\u0410\u0422\u0410\u041b\u042c\u042f \u0412\u0418\u041a\u0415\u041d\u0422\u042c\u0415\u0412\u041d\u0410<\/h3>\t\t\t\t<\/div>\n\t\t\t\t<\/div>\n\t\t\t\t<div class=\"elementor-element elementor-element-28659f5 elementor-widget elementor-widget-heading\" data-id=\"28659f5\" data-element_type=\"widget\" data-settings=\"{&quot;ekit_we_effect_on&quot;:&quot;none&quot;}\" data-widget_type=\"heading.default\">\n\t\t\t\t<div class=\"elementor-widget-container\">\n\t\t\t\t\t<h5 class=\"elementor-heading-title elementor-size-default\">\u0437\u0430\u0432\u0435\u0434\u0443\u044e\u0449\u0438\u0439 \u043e\u0442\u0434\u0435\u043b\u043e\u043c \u0438\u0441\u0442\u043e\u0440\u0438\u0438 \u0431\u0435\u043b\u043e\u0440\u0443\u0441\u0441\u043a\u043e\u0433\u043e \u044f\u0437\u044b\u043a\u0430<br>\u0418\u043d\u0441\u0442\u0438\u0442\u0443\u0442\u0430 \u044f\u0437\u044b\u043a\u043e\u0437\u043d\u0430\u043d\u0438\u044f \u0438\u043c\u0435\u043d\u0438 \u042f\u043a\u0443\u0431\u0430 \u041a\u043e\u043b\u0430\u0441\u0430,<br>Candidate of Philological Sciences, Associate Professor<br><\/h5>\t\t\t\t<\/div>\n\t\t\t\t<\/div>\n\t\t\t\t<div class=\"elementor-element elementor-element-10d9b3f elementor-widget elementor-widget-heading\" data-id=\"10d9b3f\" data-element_type=\"widget\" data-settings=\"{&quot;ekit_we_effect_on&quot;:&quot;none&quot;}\" data-widget_type=\"heading.default\">\n\t\t\t\t<div class=\"elementor-widget-container\">\n\t\t\t\t\t<div class=\"elementor-heading-title elementor-size-default\">\u0422\u0435\u043b.: +(375) 17 270-27-20 <br>\nEmail: <a href=\"mailto:nata-poleshhuk@yandex.by\">nata-poleshhuk@yandex.by<\/a><\/div>\t\t\t\t<\/div>\n\t\t\t\t<\/div>\n\t\t\t\t<\/div>\n\t\t\t\t\t<\/div>\n\t\t\t\t<\/div>\n\t\t<div class=\"elementor-element elementor-element-9486844 e-flex e-con-boxed e-con e-parent\" data-id=\"9486844\" data-element_type=\"container\" data-settings=\"{&quot;ekit_has_onepagescroll_dot&quot;:&quot;yes&quot;}\">\n\t\t\t\t\t<div class=\"e-con-inner\">\n\t\t\t\t<div class=\"elementor-element elementor-element-8b5634c elementor-widget elementor-widget-text-editor\" data-id=\"8b5634c\" data-element_type=\"widget\" data-settings=\"{&quot;ekit_we_effect_on&quot;:&quot;none&quot;}\" data-widget_type=\"text-editor.default\">\n\t\t\t\t<div class=\"elementor-widget-container\">\n\t\t\t\t\t\t\t\t\t<p>\u0420\u043e\u0434\u0438\u043b\u0430\u0441\u044c 22 \u0434\u0435\u043a\u0430\u0431\u0440\u044f 1973 \u0433. \u0432 \u0434. \u0417\u0430\u0440\u0435\u0447\u044c\u0435 \u0421\u0442\u043e\u043b\u0431\u0446\u043e\u0432\u0441\u043a\u043e\u0433\u043e \u0440\u0430\u0439\u043e\u043d\u0430 \u041c\u0438\u043d\u0441\u043a\u043e\u0439 \u043e\u0431\u043b\u0430\u0441\u0442\u0438.\u00a0 \u0412 1995 \u0433. \u043e\u043a\u043e\u043d\u0447\u0438\u043b\u0430 \u0444\u0438\u043b\u043e\u043b\u043e\u0433\u0438\u0447\u0435\u0441\u043a\u0438\u0439 \u0444\u0430\u043a\u0443\u043b\u044c\u0442\u0435\u0442 \u0411\u0435\u043b\u043e\u0440\u0443\u0441\u0441\u043a\u043e\u0433\u043e \u0433\u043e\u0441\u0443\u0434\u0430\u0440\u0441\u0442\u0432\u0435\u043d\u043d\u043e\u0433\u043e \u0443\u043d\u0438\u0432\u0435\u0440\u0441\u0438\u0442\u0435\u0442\u0430. \u0412 1995\u20131998 \u0433\u0433. \u0443\u0447\u0438\u043b\u0430\u0441\u044c \u0432 \u0430\u0441\u043f\u0438\u0440\u0430\u043d\u0442\u0443\u0440\u0435 \u0418\u043d\u0441\u0442\u0438\u0442\u0443\u0442\u0430 \u044f\u0437\u044b\u043a\u043e\u0437\u043d\u0430\u043d\u0438\u044f \u0438\u043c\u0435\u043d\u0438 \u042f\u043a\u0443\u0431\u0430 \u041a\u043e\u043b\u0430\u0441\u0430.<\/p><div><p>\u0421 1998 \u0433. \u0440\u0430\u0431\u043e\u0442\u0430\u0435\u0442 \u0432 \u0418\u043d\u0441\u0442\u0438\u0442\u0443\u0442\u0435 \u044f\u0437\u044b\u043a\u043e\u0437\u043d\u0430\u043d\u0438\u044f \u0438\u043c\u0435\u043d\u0438 \u042f\u043a\u0443\u0431\u0430 \u041a\u043e\u043b\u0430\u0441\u0430:<\/p><p>1998\u20132000 \u0433\u0433. \u2013 \u043c\u043b\u0430\u0434\u0448\u0438\u0439 \u043d\u0430\u0443\u0447\u043d\u044b\u0439 \u0441\u043e\u0442\u0440\u0443\u0434\u043d\u0438\u043a \u043e\u0442\u0434\u0435\u043b\u0430 \u0438\u0441\u0442\u043e\u0440\u0438\u0438 \u0431\u0435\u043b\u043e\u0440\u0443\u0441\u0441\u043a\u043e\u0433\u043e \u044f\u0437\u044b\u043a\u0430;<\/p><p>\u00a02000\u20132002 \u0433\u0433. \u2013 \u043d\u0430\u0443\u0447\u043d\u044b\u0439 \u0441\u043e\u0442\u0440\u0443\u0434\u043d\u0438\u043a \u043e\u0442\u0434\u0435\u043b\u0430 \u0438\u0441\u0442\u043e\u0440\u0438\u0438 \u0431\u0435\u043b\u043e\u0440\u0443\u0441\u0441\u043a\u043e\u0433\u043e \u044f\u0437\u044b\u043a\u0430;<\/p><p>\u00a02002\u20132008 \u0433\u0433. \u2013 \u0441\u0442\u0430\u0440\u0448\u0438\u0439 \u043d\u0430\u0443\u0447\u043d\u044b\u0439 \u0441\u043e\u0442\u0440\u0443\u0434\u043d\u0438\u043a \u043e\u0442\u0434\u0435\u043b\u0430 \u0438\u0441\u0442\u043e\u0440\u0438\u0438 \u0431\u0435\u043b\u043e\u0440\u0443\u0441\u0441\u043a\u043e\u0433\u043e \u044f\u0437\u044b\u043a\u0430;<\/p><p>27 \u043c\u0430\u044f 2008 \u0433. \u2013 30 \u043d\u043e\u044f\u0431\u0440\u044f 2008 \u0433. \u2013 \u0438\u0441\u043f\u043e\u043b\u043d\u044f\u044e\u0449\u0438\u0439 \u043e\u0431\u044f\u0437\u0430\u043d\u043d\u043e\u0441\u0442\u0438 \u0437\u0430\u0432\u0435\u0434\u0443\u044e\u0449\u0435\u0433\u043e \u043e\u0442\u0434\u0435\u043b\u043e\u043c \u0438\u0441\u0442\u043e\u0440\u0438\u0438 \u0431\u0435\u043b\u043e\u0440\u0443\u0441\u0441\u043a\u043e\u0433\u043e \u044f\u0437\u044b\u043a\u0430;<\/p><p>\u0441 01 \u0434\u0435\u043a\u0430\u0431\u0440\u044f 2008 \u0433. \u044f\u0432\u043b\u044f\u0435\u0442\u0441\u044f \u0437\u0430\u0432\u0435\u0434\u0443\u044e\u0449\u0438\u043c \u043e\u0442\u0434\u0435\u043b\u043e\u043c \u0438\u0441\u0442\u043e\u0440\u0438\u0438 \u0431\u0435\u043b\u043e\u0440\u0443\u0441\u0441\u043a\u043e\u0433\u043e \u044f\u0437\u044b\u043a\u0430.<\/p>\u041a\u0430\u043d\u0434\u0438\u0434\u0430\u0442 \u0444\u0438\u043b\u043e\u043b\u043e\u0433\u0438\u0447\u0435\u0441\u043a\u0438\u0445 \u043d\u0430\u0443\u043a (\u0432 1999 \u0433. \u0437\u0430\u0449\u0438\u0442\u0438\u043b\u0430 \u0434\u0438\u0441\u0441\u0435\u0440\u0442\u0430\u0446\u0438\u044e \u043d\u0430 \u0442\u0435\u043c\u0443 \u00ab\u041c\u043e\u0432\u0430 \u00ab\u0422\u0440\u044b\u0431\u0443\u043d\u0430\u043b\u0430\u00bb (1586)\u00bb; \u043d\u0430\u0443\u0447\u043d\u044b\u0439 \u0440\u0443\u043a\u043e\u0432\u043e\u0434\u0438\u0442\u0435\u043b\u044c \u2013 \u0447\u043b\u0435\u043d-\u043a\u043e\u0440\u0440\u0435\u0441\u043f\u043e\u043d\u0434\u0435\u043d\u0442 \u041d\u0410\u041d \u0411\u0435\u043b\u0430\u0440\u0443\u0441\u0438, \u0434\u043e\u043a\u0442\u043e\u0440 \u0444\u0438\u043b\u043e\u043b\u043e\u0433\u0438\u0447\u0435\u0441\u043a\u0438\u0445 \u043d\u0430\u0443\u043a, \u043f\u0440\u043e\u0444\u0435\u0441\u0441\u043e\u0440 \u0410. \u041d. \u0411\u0443\u043b\u044b\u043a\u043e); \u0434\u043e\u0446\u0435\u043d\u0442 (2012).<\/div><div>\u00a0<\/div><div>\u042f\u0432\u043b\u044f\u043b\u0430\u0441\u044c \u0441\u0442\u0438\u043f\u0435\u043d\u0434\u0438\u0430\u0442\u043e\u043c \u041f\u0440\u0435\u0437\u0438\u0434\u0435\u043d\u0442\u0430 \u0420\u0435\u0441\u043f\u0443\u0431\u043b\u0438\u043a\u0438 \u0411\u0435\u043b\u0430\u0440\u0443\u0441\u044c \u0442\u0430\u043b\u0430\u043d\u0442\u043b\u0438\u0432\u044b\u043c \u043c\u043e\u043b\u043e\u0434\u044b\u043c \u0443\u0447\u0435\u043d\u044b\u043c (2008); \u043d\u0430\u0433\u0440\u0430\u0436\u0434\u0435\u043d\u0430 \u0411\u043b\u0430\u0433\u043e\u0434\u0430\u0440\u043d\u043e\u0441\u0442\u044c\u044e \u041f\u0440\u0435\u0437\u0438\u0434\u0435\u043d\u0442\u0430 \u041d\u0430\u0446\u0438\u043e\u043d\u0430\u043b\u044c\u043d\u043e\u0439 \u0430\u043a\u0430\u0434\u0435\u043c\u0438\u0438 \u043d\u0430\u0443\u043a \u0411\u0435\u043b\u0430\u0440\u0443\u0441\u0438 (2004), \u043c\u0435\u0434\u0430\u043b\u044c\u044e \u0421\u0432\u044f\u0442\u043e\u0439 \u041f\u0440\u0435\u043f\u043e\u0434\u043e\u0431\u043d\u043e\u0439 \u0415\u0432\u0444\u0440\u043e\u0441\u0438\u043d\u0438\u0438 \u041f\u043e\u043b\u043e\u0446\u043a\u043e\u0439 (2014), \u041f\u043e\u0447\u0435\u0442\u043d\u043e\u0439 \u0433\u0440\u0430\u043c\u043e\u0442\u043e\u0439 \u0412\u044b\u0441\u0448\u0435\u0439 \u0430\u0442\u0442\u0435\u0441\u0442\u0430\u0446\u0438\u043e\u043d\u043d\u043e\u0439 \u043a\u043e\u043c\u0438\u0441\u0441\u0438\u0438 \u0420\u0435\u0441\u043f\u0443\u0431\u043b\u0438\u043a\u0438 \u0411\u0435\u043b\u0430\u0440\u0443\u0441\u044c (2017), \u041f\u043e\u0447\u0435\u0442\u043d\u043e\u0439 \u0433\u0440\u0430\u043c\u043e\u0442\u043e\u0439 \u041d\u0430\u0446\u0438\u043e\u043d\u0430\u043b\u044c\u043d\u043e\u0439 \u0430\u043a\u0430\u0434\u0435\u043c\u0438\u0438 \u043d\u0430\u0443\u043a \u0411\u0435\u043b\u0430\u0440\u0443\u0441\u0438 (2017, 2023), \u0433\u0440\u0430\u043c\u043e\u0442\u043e\u0439 \u041c\u0438\u043d\u0438\u0441\u0442\u0435\u0440\u0441\u0442\u0432\u0430 \u043e\u0431\u0440\u0430\u0437\u043e\u0432\u0430\u043d\u0438\u044f \u0420\u0435\u0441\u043f\u0443\u0431\u043b\u0438\u043a\u0438 \u0411\u0435\u043b\u0430\u0440\u0443\u0441\u044c (2019).<\/div><div>\u00a0<\/div><div>\u0410\u0432\u0442\u043e\u0440 \u0441\u0432\u044b\u0448\u0435 160 \u043d\u0430\u0443\u0447\u043d\u044b\u0445 \u0440\u0430\u0431\u043e\u0442.<\/div><div>\u00a0<\/div><div><strong>Sphere of scientific interests<\/strong> \u2013\u0438\u0441\u0442\u043e\u0440\u0438\u0447\u0435\u0441\u043a\u0430\u044f \u043b\u0435\u043a\u0441\u0438\u043a\u043e\u043b\u043e\u0433\u0438\u044f, \u0438\u0441\u0442\u043e\u0440\u0438\u0447\u0435\u0441\u043a\u0430\u044f \u043b\u0435\u043a\u0441\u0438\u043a\u043e\u0433\u0440\u0430\u0444\u0438\u044f (\u0441\u043e\u0430\u0432\u0442\u043e\u0440 \u00ab\u0413\u0456\u0441\u0442\u0430\u0440\u044b\u0447\u043d\u0430\u0433\u0430 \u0441\u043b\u043e\u045e\u043d\u0456\u043a\u0430 \u0431\u0435\u043b\u0430\u0440\u0443\u0441\u043a\u0430\u0439 \u043c\u043e\u0432\u044b\u00bb, \u0432\u044b\u043f. 25, 32\u201336), \u0438\u0441\u0442\u043e\u0440\u0438\u0447\u0435\u0441\u043a\u0430\u044f \u043c\u043e\u0440\u0444\u043e\u043b\u043e\u0433\u0438\u044f, \u0438\u0441\u0442\u043e\u0440\u0438\u0447\u0435\u0441\u043a\u0438\u0439 \u0441\u0438\u043d\u0442\u0430\u043a\u0441\u0438\u0441, \u0438\u0441\u0442\u043e\u0440\u0438\u0447\u0435\u0441\u043a\u0430\u044f \u0444\u0440\u0430\u0437\u0435\u043e\u043b\u043e\u0433\u0438\u044f, \u0438\u0441\u0442\u043e\u0440\u0438\u0447\u0435\u0441\u043a\u0430\u044f \u0441\u0442\u0438\u043b\u0438\u0441\u0442\u0438\u043a\u0430, \u0438\u0441\u0442\u043e\u0440\u0438\u044f \u0440\u0443\u0441\u0441\u043a\u043e\u0433\u043e \u044f\u0437\u044b\u043a\u0430.<\/div><div>\u00a0<\/div><p><strong>\u0418\u0437\u0431\u0440\u0430\u043d\u043d\u044b\u0435 \u043f\u0443\u0431\u043b\u0438\u043a\u0430\u0446\u0438\u0438<\/strong><strong>\u00a0<\/strong><\/p><ol><li>\u0421\u0432\u044f\u0442\u043e\u0435 \u0415\u0432\u0430\u043d\u0433\u0435\u043b\u0456\u0435. \u0421\u043b\u0443\u0446\u043a: \u0443 2 \u043a\u043d. \u041c\u0456\u043d\u0441\u043a, 2009. \u041a\u043d. 1: \u0423\u0437\u043d\u043e\u045e\u043b\u0435\u043d\u044b \u0442\u044d\u043a\u0441\u0442; \u043a\u043d. 2: \u0414\u0430\u0441\u043b\u0435\u0434\u0430\u0432\u0430\u043d\u043d\u0435 \u0440\u0443\u043a\u0430\u043f\u0456\u0441\u0443 (\u0443 \u0441\u0443\u0430\u045e\u0442\u0430\u0440\u0441\u0442\u0432\u0435\u0435; \u0411\u0430\u0440\u043a\u0430\u043b\u0430\u0431\u0430\u045e\u0441\u043a\u0456 \u043b\u0435\u0442\u0430\u043f\u0456\u0441. \u041c\u0456\u043d\u0441\u043a, 2013. \u0421. 107\u2013258 (\u0443 \u0441\u0443\u0430\u045e\u0442\u0430\u0440\u0441\u0442\u0432\u0435).<\/li><li>\u0411\u0443\u043a\u0432\u0430\u0440\u044a \u0441\u0438\u0440\u0435\u0447\u044a \u043d\u0430\u0447\u0430\u043b\u043e \u0443\u0447\u0435\u043d\u0438\u044f. \u041a\u043d. 2: \u0423\u0437\u043d\u043e\u045e\u043b\u0435\u043d\u044b \u0442\u044d\u043a\u0441\u0442. \u041c\u0456\u043d\u0441\u043a, 2014 (\u0443 \u0441\u0443\u0430\u045e\u0442\u0430\u0440\u0441\u0442\u0432\u0435).<\/li><li>\u041f\u0430\u0431\u0438\u0440\u043e\u043a\u044a \u2013 \u043f\u043e\u0440\u043e\u0431\u043e\u043a\u044a; \u0447\u0430\u0430\u043d\u0438\u0435 \u2013 \u0447\u0435\u0445\u044a \/\/ \u041f\u0430\u0434\u0440\u0443\u0447\u043d\u044b \u0433\u0456\u0441\u0442\u0430\u0440\u044b\u0447\u043d\u044b \u0441\u043b\u043e\u045e\u043d\u0456\u043a \u0441\u0443\u0431\u0441\u0442\u0430\u043d\u0442\u044b\u045e\u043d\u0430\u0439 \u043b\u0435\u043a\u0441\u0456\u043a\u0456: \u0443 2 \u0442. \u041c\u0456\u043d\u0441\u043a, 2013. \u0422. 2. \u0421. 3\u2013116; 461\u2013471.<\/li><li>\u041f\u0440\u0430\u0434\u043c\u043e\u0432\u0430; \u041b\u0435\u043a\u0441\u0456\u043a\u0430 \u0434\u0437\u0435\u043b\u0430\u0432\u043e\u0439 \u043f\u0456\u0441\u044c\u043c\u0435\u043d\u043d\u0430\u0441\u0446\u0456; \u0417\u0430\u043a\u043b\u044e\u0447\u044d\u043d\u043d\u0435 \/\/ \u041b\u0435\u043a\u0441\u0456\u043a\u0430 \u0441\u0442\u0430\u0440\u0430\u0431\u0435\u043b\u0430\u0440\u0443\u0441\u043a\u0430\u0439 \u043f\u0456\u0441\u044c\u043c\u0435\u043d\u043d\u0430\u0441\u0446\u0456 XIV \u2013 \u0441\u044f\u0440\u044d\u0434\u0437\u0456\u043d\u044b XVI \u0441\u0442. \u041c\u0456\u043d\u0441\u043a, 2016. \u0421. 3\u20138; 9\u2013120; 355\u2013360.<\/li><li>\u0410\u0434\u043c\u0435\u0442\u043d\u0430\u0441\u0446\u0456 \u0432\u044b\u0440\u0430\u043a\u0430\u045e \u0412\u0456\u0446\u0435\u0431\u0448\u0447\u044b\u043d\u044b (1533\u20131540) \/\/ \u0411\u0435\u043b\u0430\u0440\u0443\u0441. \u043b\u0456\u043d\u0433\u0432\u0456\u0441\u0442\u044b\u043a\u0430. 2018. \u0412\u044b\u043f. 80. \u0421. 45\u201353.<\/li><li>\u0417 \u0433\u0456\u0441\u0442\u043e\u0440\u044b\u0456 \u0440\u0430\u0437\u0432\u0456\u0446\u0446\u044f \u043b\u0435\u043a\u0441\u0456\u043a\u0456 \u0441\u0442\u0430\u0440\u0430\u0431\u0435\u043b\u0430\u0440\u0443\u0441\u043a\u0430\u0439 \u0434\u0437\u0435\u043b\u0430\u0432\u043e\u0439 \u043f\u0456\u0441\u044c\u043c\u0435\u043d\u043d\u0430\u0441\u0446\u0456 XIV \u2013 \u0441\u044f\u0440\u044d\u0434\u0437\u0456\u043d\u044b XVI \u0441\u0442. \/\/ Rozprawy Komisji J\u0119zykowej. T. LXVI. \u0141od\u017a, 2019. S. 385\u2013407.<\/li><li>\u0421\u0430\u0441\u0442\u0430\u045e\u043d\u044b \u0456\u043c\u0435\u043d\u043d\u044b \u0432\u044b\u043a\u0430\u0437\u043d\u0456\u043a \u0443 \u0441\u0442\u0430\u0440\u0430\u0431\u0435\u043b\u0430\u0440\u0443\u0441\u043a\u0430\u0439 \u043c\u043e\u0432\u0435: \u0440\u044d\u043f\u0440\u044d\u0437\u0435\u043d\u0442\u0430\u0446\u044b\u044f \u0456\u043c\u0435\u043d\u043d\u0430\u0439 \u0447\u0430\u0441\u0442\u043a\u0456 \/\/ \u0424\u0456\u043b\u043e\u043b. \u0447\u0430\u0441\u043e\u043f\u0438\u0441. \u0423\u043c\u0430\u043d\u044c, 2019. \u0412\u0438\u043f. 1 (13). \u0421. 96\u2013103.<\/li><li><a href=\"https:\/\/shll.iling.spb.ru\/ru\/node\/231\">\u00ab\u0413\u0456\u0441\u0442\u0430\u0440\u044b\u0447\u043d\u044b \u0441\u043b\u043e\u045e\u043d\u0456\u043a \u0431\u0435\u043b\u0430\u0440\u0443\u0441\u043a\u0430\u0439 \u043c\u043e\u0432\u044b\u00bb: \u043e\u0442 \u0438\u0434\u0435\u0438 \u0434\u043e \u0438\u0437\u0434\u0430\u043d\u0438\u044f<\/a> \/\/ \u0421\u043b\u0430\u0432\u044f\u043d\u0441\u043a\u0430\u044f \u0438\u0441\u0442\u043e\u0440\u0438\u0447\u0435\u0441\u043a\u0430\u044f \u043b\u0435\u043a\u0441\u0438\u043a\u043e\u043b\u043e\u0433\u0438\u044f \u0438 \u043b\u0435\u043a\u0441\u0438\u043a\u043e\u0433\u0440\u0430\u0444\u0438\u044f. 2022. \u0412\u044b\u043f. 5. \u0421. 365\u2013390.<\/li><li>\u201c\u0413\u0456\u0441\u0442\u0430\u0440\u044b\u0447\u043d\u044b \u0441\u043b\u043e\u045e\u043d\u0456\u043a \u0431\u0435\u043b\u0430\u0440\u0443\u0441\u043a\u0430\u0439 \u043c\u043e\u0432\u044b\u201d: \u044d\u0442\u0430\u043f\u044b \u0456 \u0432\u044b\u043d\u0456\u043a\u0456 \u0440\u0430\u0431\u043e\u0442\u044b \/\/ \u0413\u0456\u0441\u0442\u0430\u0440\u044b\u0447\u043d\u044b \u0441\u043b\u043e\u045e\u043d\u0456\u043a \u0431\u0435\u043b\u0430\u0440\u0443\u0441\u043a\u0430\u0439 \u043c\u043e\u0432\u044b: \u0456\u043d\u0444\u0430\u0440\u043c\u0430\u0446\u044b\u0439\u043d\u0430-\u0434\u0430\u0432\u0435\u0434\u0430\u0447\u043d\u044b \u0432\u044b\u043f\u0443\u0441\u043a. \u041c\u0456\u043d\u0441\u043a, 2022. \u0421. 6\u201374.<\/li><li>\u0421\u043f\u043e\u0441\u0430\u0431\u044b \u043f\u0435\u0440\u0430\u0434\u0430\u0447\u044b \u0447\u0443\u0436\u043e\u0439 \u043c\u043e\u0432\u044b \u045e \u0441\u0442\u0430\u0440\u0430\u0431\u0435\u043b\u0430\u0440\u0443\u0441\u043a\u0456\u0445 \u0441\u0443\u0434\u043e\u0432\u044b\u0445 \u0434\u0430\u043a\u0443\u043c\u0435\u043d\u0442\u0430\u0445 \/\/ \u0411\u0435\u043b\u0430\u0440\u0443\u0441\u043a\u0430\u044f \u043b\u0456\u043d\u0433\u0432\u0456\u0441\u0442\u044b\u043a\u0430. 2023. \u0412\u044b\u043f. 91. \u0421. 36\u201344.<\/li><\/ol>\t\t\t\t\t\t\t\t<\/div>\n\t\t\t\t<\/div>\n\t\t\t\t\t<\/div>\n\t\t\t\t<\/div>\n\t\t\t\t<\/div>","protected":false},"excerpt":{"rendered":"<p>\u041f\u041e\u041b\u0415\u0429\u0423\u041a \u041d\u0410\u0422\u0410\u041b\u042c\u042f \u0412\u0418\u041a\u0415\u041d\u0422\u042c\u0415\u0412\u041d\u0410 \u0437\u0430\u0432\u0435\u0434\u0443\u044e\u0449\u0438\u0439 \u043e\u0442\u0434\u0435\u043b\u043e\u043c \u0438\u0441\u0442\u043e\u0440\u0438\u0438 \u0431\u0435\u043b\u043e\u0440\u0443\u0441\u0441\u043a\u043e\u0433\u043e \u044f\u0437\u044b\u043a\u0430\u0418\u043d\u0441\u0442\u0438\u0442\u0443\u0442\u0430 \u044f\u0437\u044b\u043a\u043e\u0437\u043d\u0430\u043d\u0438\u044f \u0438\u043c\u0435\u043d\u0438 \u042f\u043a\u0443\u0431\u0430 \u041a\u043e\u043b\u0430\u0441\u0430,\u043a\u0430\u043d\u0434\u0438\u0434\u0430\u0442 \u0444\u0438\u043b\u043e\u043b\u043e\u0433\u0438\u0447\u0435\u0441\u043a\u0438\u0445 \u043d\u0430\u0443\u043a, \u0434\u043e\u0446\u0435\u043d\u0442 \u0422\u0435\u043b.: +(375) 17 270-27-20 E-mail:&#8230;<\/p>","protected":false},"author":1,"featured_media":0,"parent":32883,"menu_order":0,"comment_status":"closed","ping_status":"closed","template":"","meta":{"footnotes":""},"class_list":["post-32890","page","type-page","status-publish"],"_links":{"self":[{"href":"https:\/\/belcentre.by\/en\/wp-json\/wp\/v2\/pages\/32890","targetHints":{"allow":["GET"]}}],"collection":[{"href":"https:\/\/belcentre.by\/en\/wp-json\/wp\/v2\/pages"}],"about":[{"href":"https:\/\/belcentre.by\/en\/wp-json\/wp\/v2\/types\/page"}],"author":[{"embeddable":true,"href":"https:\/\/belcentre.by\/en\/wp-json\/wp\/v2\/users\/1"}],"replies":[{"embeddable":true,"href":"https:\/\/belcentre.by\/en\/wp-json\/wp\/v2\/comments?post=32890"}],"version-history":[{"count":3,"href":"https:\/\/belcentre.by\/en\/wp-json\/wp\/v2\/pages\/32890\/revisions"}],"predecessor-version":[{"id":32893,"href":"https:\/\/belcentre.by\/en\/wp-json\/wp\/v2\/pages\/32890\/revisions\/32893"}],"up":[{"embeddable":true,"href":"https:\/\/belcentre.by\/en\/wp-json\/wp\/v2\/pages\/32883"}],"wp:attachment":[{"href":"https:\/\/belcentre.by\/en\/wp-json\/wp\/v2\/media?parent=32890"}],"curies":[{"name":"wp","href":"https:\/\/api.w.org\/{rel}","templated":true}]}}