{"id":32912,"date":"2024-07-12T15:42:43","date_gmt":"2024-07-12T12:42:43","guid":{"rendered":"https:\/\/belcentre.by\/?page_id=32912"},"modified":"2024-07-12T16:00:24","modified_gmt":"2024-07-12T13:00:24","slug":"%d0%b1%d1%83%d0%b4%d1%8c%d0%ba%d0%be-%d0%b8%d1%80%d0%b8%d0%bd%d0%b0-%d0%b2%d0%bb%d0%b0%d0%b4%d0%b8%d0%bc%d0%b8%d1%80%d0%be%d0%b2%d0%bd%d0%b0","status":"publish","type":"page","link":"https:\/\/belcentre.by\/ru_ru\/%d0%be%d1%82%d0%b4%d0%b5%d0%bb-%d0%b8%d1%81%d1%82%d0%be%d1%80%d0%b8%d0%b8-%d0%b1%d0%b5%d0%bb%d0%be%d1%80%d1%83%d1%81%d1%81%d0%ba%d0%be%d0%b3%d0%be-%d1%8f%d0%b7%d1%8b%d0%ba%d0%b0\/%d0%b1%d1%83%d0%b4%d1%8c%d0%ba%d0%be-%d0%b8%d1%80%d0%b8%d0%bd%d0%b0-%d0%b2%d0%bb%d0%b0%d0%b4%d0%b8%d0%bc%d0%b8%d1%80%d0%be%d0%b2%d0%bd%d0%b0\/","title":{"rendered":"\u0411\u0443\u0434\u044c\u043a\u043e \u0418\u0440\u0438\u043d\u0430 \u0412\u043b\u0430\u0434\u0438\u043c\u0438\u0440\u043e\u0432\u043d\u0430"},"content":{"rendered":"\t\t<div data-elementor-type=\"wp-page\" data-elementor-id=\"32912\" class=\"elementor elementor-32912\" data-elementor-post-type=\"page\">\n\t\t\t\t<div class=\"elementor-element elementor-element-b3c705e e-flex e-con-boxed e-con e-parent\" data-id=\"b3c705e\" data-element_type=\"container\" data-settings=\"{&quot;ekit_has_onepagescroll_dot&quot;:&quot;yes&quot;}\">\n\t\t\t\t\t<div class=\"e-con-inner\">\n\t\t<div class=\"elementor-element elementor-element-9bac01c e-con-full e-flex e-con e-child\" data-id=\"9bac01c\" data-element_type=\"container\" data-settings=\"{&quot;ekit_has_onepagescroll_dot&quot;:&quot;yes&quot;}\">\n\t\t\t\t<div class=\"elementor-element elementor-element-9d2dd36 elementor-widget elementor-widget-image\" data-id=\"9d2dd36\" data-element_type=\"widget\" data-settings=\"{&quot;ekit_we_effect_on&quot;:&quot;none&quot;}\" data-widget_type=\"image.default\">\n\t\t\t\t<div class=\"elementor-widget-container\">\n\t\t\t\t\t\t\t\t\t\t\t\t\t\t\t<img fetchpriority=\"high\" decoding=\"async\" width=\"300\" height=\"300\" src=\"https:\/\/belcentre.by\/wp-content\/uploads\/2024\/06\/female-business-silhouette-17-300x300.png\" class=\"attachment-medium size-medium wp-image-31649\" alt=\"\" srcset=\"https:\/\/belcentre.by\/wp-content\/uploads\/2024\/06\/female-business-silhouette-17-300x300.png 300w, https:\/\/belcentre.by\/wp-content\/uploads\/2024\/06\/female-business-silhouette-17-150x150.png 150w, https:\/\/belcentre.by\/wp-content\/uploads\/2024\/06\/female-business-silhouette-17-12x12.png 12w, https:\/\/belcentre.by\/wp-content\/uploads\/2024\/06\/female-business-silhouette-17-256x256.png 256w, https:\/\/belcentre.by\/wp-content\/uploads\/2024\/06\/female-business-silhouette-17.png 749w\" sizes=\"(max-width: 300px) 100vw, 300px\" \/>\t\t\t\t\t\t\t\t\t\t\t\t\t\t\t<\/div>\n\t\t\t\t<\/div>\n\t\t\t\t<\/div>\n\t\t<div class=\"elementor-element elementor-element-bd25c97 e-con-full e-flex e-con e-child\" data-id=\"bd25c97\" data-element_type=\"container\" data-settings=\"{&quot;ekit_has_onepagescroll_dot&quot;:&quot;yes&quot;}\">\n\t\t\t\t<div class=\"elementor-element elementor-element-8a28255 elementor-widget elementor-widget-heading\" data-id=\"8a28255\" data-element_type=\"widget\" data-settings=\"{&quot;ekit_we_effect_on&quot;:&quot;none&quot;}\" data-widget_type=\"heading.default\">\n\t\t\t\t<div class=\"elementor-widget-container\">\n\t\t\t\t\t<h3 class=\"elementor-heading-title elementor-size-default\">\u0411\u0443\u0434\u044c\u043a\u043e \u0418\u0440\u0438\u043d\u0430 \u0412\u043b\u0430\u0434\u0438\u043c\u0438\u0440\u043e\u0432\u043d\u0430<\/h3>\t\t\t\t<\/div>\n\t\t\t\t<\/div>\n\t\t\t\t<div class=\"elementor-element elementor-element-a51ca52 elementor-widget elementor-widget-heading\" data-id=\"a51ca52\" data-element_type=\"widget\" data-settings=\"{&quot;ekit_we_effect_on&quot;:&quot;none&quot;}\" data-widget_type=\"heading.default\">\n\t\t\t\t<div class=\"elementor-widget-container\">\n\t\t\t\t\t<h5 class=\"elementor-heading-title elementor-size-default\">\u0432\u0435\u0434\u0443\u0449\u0438\u0439 \u043d\u0430\u0443\u0447\u043d\u044b\u0439 \u0441\u043e\u0442\u0440\u0443\u0434\u043d\u0438\u043a \u043e\u0442\u0434\u0435\u043b\u0430 \u0438\u0441\u0442\u043e\u0440\u0438\u0438 \u0431\u0435\u043b\u043e\u0440\u0443\u0441\u0441\u043a\u043e\u0433\u043e \u044f\u0437\u044b\u043a\u0430<br>\u0418\u043d\u0441\u0442\u0438\u0442\u0443\u0442\u0430 \u044f\u0437\u044b\u043a\u043e\u0437\u043d\u0430\u043d\u0438\u044f \u0438\u043c\u0435\u043d\u0438 \u042f\u043a\u0443\u0431\u0430 \u041a\u043e\u043b\u0430\u0441\u0430,<br>\u043a\u0430\u043d\u0434\u0438\u0434\u0430\u0442 \u0444\u0438\u043b\u043e\u043b\u043e\u0433\u0438\u0447\u0435\u0441\u043a\u0438\u0445 \u043d\u0430\u0443\u043a, \u0434\u043e\u0446\u0435\u043d\u0442<br><\/h5>\t\t\t\t<\/div>\n\t\t\t\t<\/div>\n\t\t\t\t<div class=\"elementor-element elementor-element-11ce8e7 elementor-widget elementor-widget-heading\" data-id=\"11ce8e7\" data-element_type=\"widget\" data-settings=\"{&quot;ekit_we_effect_on&quot;:&quot;none&quot;}\" data-widget_type=\"heading.default\">\n\t\t\t\t<div class=\"elementor-widget-container\">\n\t\t\t\t\t<div class=\"elementor-heading-title elementor-size-default\">\u0422\u0435\u043b.: +(375) 17 270-27-20 <br>\nE-mail: <a href=\"mailto:nata-poleshhuk@yandex.by\">nata-poleshhuk@yandex.by<\/a><\/div>\t\t\t\t<\/div>\n\t\t\t\t<\/div>\n\t\t\t\t<\/div>\n\t\t\t\t\t<\/div>\n\t\t\t\t<\/div>\n\t\t<div class=\"elementor-element elementor-element-8fe4561 e-flex e-con-boxed e-con e-parent\" data-id=\"8fe4561\" data-element_type=\"container\" data-settings=\"{&quot;ekit_has_onepagescroll_dot&quot;:&quot;yes&quot;}\">\n\t\t\t\t\t<div class=\"e-con-inner\">\n\t\t\t\t<div class=\"elementor-element elementor-element-e2ed377 elementor-widget elementor-widget-text-editor\" data-id=\"e2ed377\" data-element_type=\"widget\" data-settings=\"{&quot;ekit_we_effect_on&quot;:&quot;none&quot;}\" data-widget_type=\"text-editor.default\">\n\t\t\t\t<div class=\"elementor-widget-container\">\n\t\t\t\t\t\t\t\t\t<p>\u0420\u043e\u0434\u0438\u043b\u0430\u0441\u044c 28 \u0434\u0435\u043a\u0430\u0431\u0440\u044f 1970 \u0433. \u0432 \u0433. \u041c\u0438\u043d\u0441\u043a\u0435.\u00a0 \u0412 1993 \u0433. \u043e\u043a\u043e\u043d\u0447\u0438\u043b\u0430 \u0444\u0438\u043b\u043e\u043b\u043e\u0433\u0438\u0447\u0435\u0441\u043a\u0438\u0439 \u0444\u0430\u043a\u0443\u043b\u044c\u0442\u0435\u0442 \u0411\u0435\u043b\u043e\u0440\u0443\u0441\u0441\u043a\u043e\u0433\u043e \u0433\u043e\u0441\u0443\u0434\u0430\u0440\u0441\u0442\u0432\u0435\u043d\u043d\u043e\u0433\u043e \u0443\u043d\u0438\u0432\u0435\u0440\u0441\u0438\u0442\u0435\u0442\u0430 \u0438\u043c\u0435\u043d\u0438 \u0412.\u00a0\u0418.\u00a0\u041b\u0435\u043d\u0438\u043d\u0430, \u0432 2002 \u0433. \u2013 \u0444\u0430\u043a\u0443\u043b\u044c\u0442\u0435\u0442 \u043f\u0435\u0440\u0435\u043f\u043e\u0434\u0433\u043e\u0442\u043e\u0432\u043a\u0438 \u0438 \u043f\u043e\u0432\u044b\u0448\u0435\u043d\u0438\u044f \u043a\u0432\u0430\u043b\u0438\u0444\u0438\u043a\u0430\u0446\u0438\u0438 \u041c\u0438\u043d\u0441\u043a\u043e\u0433\u043e \u0433\u043e\u0441\u0443\u0434\u0430\u0440\u0441\u0442\u0432\u0435\u043d\u043d\u043e\u0433\u043e \u043b\u0438\u043d\u0433\u0432\u0438\u0441\u0442\u0438\u0447\u0435\u0441\u043a\u043e\u0433\u043e \u0443\u043d\u0438\u0432\u0435\u0440\u0441\u0438\u0442\u0435\u0442\u0430.<\/p><p>\u0412 \u0418\u043d\u0441\u0442\u0438\u0442\u0443\u0442\u0435 \u044f\u0437\u044b\u043a\u043e\u0437\u043d\u0430\u043d\u0438\u044f \u0438\u043c\u0435\u043d\u0438 \u042f\u043a\u0443\u0431\u0430 \u041a\u043e\u043b\u0430\u0441\u0430 \u0440\u0430\u0431\u043e\u0442\u0430\u0435\u0442 \u0441 1993 \u0433.:<\/p><p>1993\u20131994 \u0433\u0433. \u2013 \u0441\u0442\u0430\u0436\u0435\u0440-\u0438\u0441\u0441\u043b\u0435\u0434\u043e\u0432\u0430\u0442\u0435\u043b\u044c \u043e\u0442\u0434\u0435\u043b\u0430 \u0438\u0441\u0442\u043e\u0440\u0438\u0438 \u0431\u0435\u043b\u043e\u0440\u0443\u0441\u0441\u043a\u043e\u0433\u043e \u044f\u0437\u044b\u043a\u0430;<\/p><p>1995\u20132000 \u0433\u0433. \u2013 \u043c\u043b\u0430\u0434\u0448\u0438\u0439 \u043d\u0430\u0443\u0447\u043d\u044b\u0439 \u0441\u043e\u0442\u0440\u0443\u0434\u043d\u0438\u043a \u043e\u0442\u0434\u0435\u043b\u0430 \u0438\u0441\u0442\u043e\u0440\u0438\u0438 \u0431\u0435\u043b\u043e\u0440\u0443\u0441\u0441\u043a\u043e\u0433\u043e \u044f\u0437\u044b\u043a\u0430;<\/p><p>2000\u20132002 \u0433\u0433. &#8212; \u043d\u0430\u0443\u0447\u043d\u044b\u0439 \u0441\u043e\u0442\u0440\u0443\u0434\u043d\u0438\u043a \u043e\u0442\u0434\u0435\u043b\u0430 \u0438\u0441\u0442\u043e\u0440\u0438\u0438 \u0431\u0435\u043b\u043e\u0440\u0443\u0441\u0441\u043a\u043e\u0433\u043e \u044f\u0437\u044b\u043a\u0430;<\/p><p>\u00a02002\u20132015 \u0433\u0433. \u2013 \u0441\u0442\u0430\u0440\u0448\u0438\u0439 \u043d\u0430\u0443\u0447\u043d\u044b\u0439 \u0441\u043e\u0442\u0440\u0443\u0434\u043d\u0438\u043a \u043e\u0442\u0434\u0435\u043b\u0430 \u0438\u0441\u0442\u043e\u0440\u0438\u0438 \u0431\u0435\u043b\u043e\u0440\u0443\u0441\u0441\u043a\u043e\u0433\u043e \u044f\u0437\u044b\u043a\u0430;<\/p><p>\u00a0\u0441 2015 \u0433. \u2013 \u0432\u0435\u0434\u0443\u0449\u0438\u0439 \u043d\u0430\u0443\u0447\u043d\u044b\u0439 \u0441\u043e\u0442\u0440\u0443\u0434\u043d\u0438\u043a \u043e\u0442\u0434\u0435\u043b\u0430 \u0438\u0441\u0442\u043e\u0440\u0438\u0438 \u0431\u0435\u043b\u043e\u0440\u0443\u0441\u0441\u043a\u043e\u0433\u043e \u044f\u0437\u044b\u043a\u0430.<\/p><p>\u0412 2004\u20132006 \u0433\u0433. \u0443\u0447\u0438\u043b\u0430\u0441\u044c \u0432 \u0434\u043e\u043a\u0442\u043e\u0440\u0430\u043d\u0442\u0443\u0440\u0435 \u043f\u0440\u0438 \u0418\u043d\u0441\u0442\u0438\u0442\u0443\u0442\u0435 \u044f\u0437\u044b\u043a\u043e\u0437\u043d\u0430\u043d\u0438\u044f \u0438\u043c\u0435\u043d\u0438 \u042f\u043a\u0443\u0431\u0430 \u041a\u043e\u043b\u0430\u0441\u0430. \u0421 2009 \u0433. \u044f\u0432\u043b\u044f\u0435\u0442\u0441\u044f \u0437\u0430\u0432\u0435\u0434\u0443\u044e\u0449\u0438\u043c \u043a\u0430\u0444\u0435\u0434\u0440\u043e\u0439 \u0431\u0435\u043b\u043e\u0440\u0443\u0441\u0441\u043a\u043e\u0433\u043e \u0438 \u0440\u0443\u0441\u0441\u043a\u043e\u0433\u043e \u044f\u0437\u044b\u043a\u043e\u0432 \u0411\u0435\u043b\u043e\u0440\u0443\u0441\u0441\u043a\u043e\u0433\u043e \u043d\u0430\u0446\u0438\u043e\u043d\u0430\u043b\u044c\u043d\u043e\u0433\u043e \u0442\u0435\u0445\u043d\u0438\u0447\u0435\u0441\u043a\u043e\u0433\u043e \u0443\u043d\u0438\u0432\u0435\u0440\u0441\u0438\u0442\u0435\u0442\u0430.<\/p><p>\u041a\u0430\u043d\u0434\u0438\u0434\u0430\u0442 \u0444\u0438\u043b\u043e\u043b\u043e\u0433\u0438\u0447\u0435\u0441\u043a\u0438\u0445 \u043d\u0430\u0443\u043a (\u0432 1999 \u0433. \u0437\u0430\u0449\u0438\u0442\u0438\u043b\u0430 \u0434\u0438\u0441\u0441\u0435\u0440\u0442\u0430\u0446\u0438\u044e \u043d\u0430 \u0442\u0435\u043c\u0443 \u00ab\u0420\u044d\u043b\u0456\u0433\u0456\u0439\u043d\u0430\u044f \u043b\u0435\u043a\u0441\u0456\u043a\u0430 \u0441\u0442\u0430\u0440\u0430\u0431\u0435\u043b\u0430\u0440\u0443\u0441\u043a\u0430\u0439 \u043c\u043e\u0432\u044b\u00bb; \u043d\u0430\u0443\u0447\u043d\u044b\u0439 \u0440\u0443\u043a\u043e\u0432\u043e\u0434\u0438\u0442\u0435\u043b\u044c \u2013 \u0447\u043b\u0435\u043d-\u043a\u043e\u0440\u0440\u0435\u0441\u043f\u043e\u043d\u0434\u0435\u043d\u0442 \u041d\u0410\u041d \u0411\u0435\u043b\u0430\u0440\u0443\u0441\u0438, \u0434\u043e\u043a\u0442\u043e\u0440 \u0444\u0438\u043b\u043e\u043b\u043e\u0433\u0438\u0447\u0435\u0441\u043a\u0438\u0445 \u043d\u0430\u0443\u043a, \u043f\u0440\u043e\u0444\u0435\u0441\u0441\u043e\u0440 \u0410.\u00a0\u041d.\u00a0\u0411\u0443\u043b\u044b\u043a\u043e); \u0434\u043e\u0446\u0435\u043d\u0442 (2009).<\/p><p>\u041d\u0430\u0433\u0440\u0430\u0436\u0434\u0435\u043d\u0430 \u043c\u0435\u0434\u0430\u043b\u044c\u044e \u0421\u0432\u044f\u0442\u043e\u0439 \u041f\u0440\u0435\u043f\u043e\u0434\u043e\u0431\u043d\u043e\u0439 \u0415\u0432\u0444\u0440\u043e\u0441\u0438\u043d\u0438\u0438 \u041f\u043e\u043b\u043e\u0446\u043a\u043e\u0439 (2014), \u041f\u043e\u0447\u0435\u0442\u043d\u043e\u0439 \u0433\u0440\u0430\u043c\u043e\u0442\u043e\u0439 \u041d\u0430\u0446\u0438\u043e\u043d\u0430\u043b\u044c\u043d\u043e\u0439 \u0430\u043a\u0430\u0434\u0435\u043c\u0438\u0438 \u043d\u0430\u0443\u043a \u0411\u0435\u043b\u0430\u0440\u0443\u0441\u0438 (2014), \u0433\u0440\u0430\u043c\u043e\u0442\u0430\u043c\u0438 \u041c\u0438\u043d\u0438\u0441\u0442\u0435\u0440\u0441\u0442\u0432\u0430 \u043e\u0431\u0440\u0430\u0437\u043e\u0432\u0430\u043d\u0438\u044f \u0420\u0435\u0441\u043f\u0443\u0431\u043b\u0438\u043a\u0438 \u0411\u0435\u043b\u0430\u0440\u0443\u0441\u044c (2018, 2020), \u0433\u0440\u0430\u043c\u043e\u0442\u043e\u0439 \u041e\u0442\u0434\u0435\u043b\u0435\u043d\u0438\u044f \u0433\u0443\u043c\u0430\u043d\u0438\u0442\u0430\u0440\u043d\u044b\u0445 \u043d\u0430\u0443\u043a \u0438 \u0438\u0441\u043a\u0443\u0441\u0441\u0442\u0432 \u041d\u0410\u041d \u0411\u0435\u043b\u0430\u0440\u0443\u0441\u0438 (2018), \u041f\u043e\u0447\u0435\u0442\u043d\u043e\u0439 \u0433\u0440\u0430\u043c\u043e\u0442\u043e\u0439 \u0423\u043f\u043e\u043b\u043d\u043e\u043c\u043e\u0447\u0435\u043d\u043d\u043e\u0433\u043e \u043f\u043e \u0434\u0435\u043b\u0430\u043c \u0440\u0435\u043b\u0438\u0433\u0438\u0439 \u0438 \u043d\u0430\u0446\u0438\u043e\u043d\u0430\u043b\u044c\u043d\u043e\u0441\u0442\u0435\u0439 (2019).<\/p><div>\u0410\u0432\u0442\u043e\u0440 \u0441\u0432\u044b\u0448\u0435 150 \u043d\u0430\u0443\u0447\u043d\u044b\u0445 \u0440\u0430\u0431\u043e\u0442.<\/div><div>\u00a0<\/div><div><strong>\u0421\u0444\u0435\u0440\u0430 \u043d\u0430\u0443\u0447\u043d\u044b\u0445 \u0438\u043d\u0442\u0435\u0440\u0435\u0441\u043e\u0432<\/strong> \u2013\u0438\u0441\u0442\u043e\u0440\u0438\u0447\u0435\u0441\u043a\u0430\u044f \u043b\u0435\u043a\u0441\u0438\u043a\u043e\u043b\u043e\u0433\u0438\u044f, \u0438\u0441\u0442\u043e\u0440\u0438\u0447\u0435\u0441\u043a\u0430\u044f \u043b\u0435\u043a\u0441\u0438\u043a\u043e\u0433\u0440\u0430\u0444\u0438\u044f (\u0441\u043e\u0430\u0432\u0442\u043e\u0440 \u00ab\u0413\u0456\u0441\u0442\u0430\u0440\u044b\u0447\u043d\u0430\u0433\u0430 \u0441\u043b\u043e\u045e\u043d\u0456\u043a\u0430 \u0431\u0435\u043b\u0430\u0440\u0443\u0441\u043a\u0430\u0439 \u043c\u043e\u0432\u044b\u00bb, \u0432\u044b\u043f. 29-31, 33, 37), \u0438\u0441\u0442\u043e\u0440\u0438\u0447\u0435\u0441\u043a\u0438\u0439 \u0441\u0438\u043d\u0442\u0430\u043a\u0441\u0438\u0441, \u043b\u0438\u043d\u0433\u0432\u043e\u0442\u0435\u043a\u0441\u0442\u043e\u043b\u043e\u0433\u0438\u044f, \u0434\u0438\u0430\u043b\u0435\u043a\u0442\u043e\u043b\u043e\u0433\u0438\u044f, \u0441\u043e\u0446\u0438\u043e\u043b\u0438\u043d\u0433\u0432\u0438\u0441\u0442\u0438\u043a\u0430, \u043b\u0438\u043d\u0433\u0432\u043e\u0434\u0438\u0434\u0430\u043a\u0442\u0438\u043a\u0430, \u043f\u0435\u0440\u0435\u0432\u043e\u0434\u044b \u0411\u0438\u0431\u043b\u0438\u0438 \u043d\u0430 \u0431\u0435\u043b\u043e\u0440\u0443\u0441\u0441\u043a\u0438\u0439 \u044f\u0437\u044b\u043a \u0432 \u0438\u0441\u0442\u043e\u0440\u0438\u0438 \u0438 \u0441\u043e\u0432\u0440\u0435\u043c\u0435\u043d\u043d\u043e\u0441\u0442\u0438.<\/div><div>\u00a0<\/div><p><strong>\u0418\u0437\u0431\u0440\u0430\u043d\u043d\u044b\u0435 \u043f\u0443\u0431\u043b\u0438\u043a\u0430\u0446\u0438\u0438<\/strong><strong>\u00a0<\/strong><\/p><ol><li>\u0414\u0430 \u0442\u044d\u043a\u0441\u0442\u0430\u043b\u0430\u0433\u0456\u0447\u043d\u0430\u0439 \u0445\u0430\u0440\u0430\u043a\u0442\u0430\u0440\u044b\u0441\u0442\u044b\u043a\u0456 \u0431\u0435\u043b\u0430\u0440\u0443\u0441\u043a\u0456\u0445 \u043f\u0435\u0440\u0430\u043a\u043b\u0430\u0434\u0430\u045e \u043a\u043d\u0456\u0433 \u0421\u0442\u0430\u0440\u043e\u0433\u0430 \u0417\u0430\u043f\u0430\u0432\u0435\u0442\u0443 \/\/ \u0411\u0435\u043b\u0430\u0440\u0443\u0441. \u043b\u0456\u043d\u0433\u0432\u0456\u0441\u0442\u044b\u043a\u0430. 2006. \u0412\u044b\u043f. 57. \u0421. 40\u201348.<\/li><li>Bras\u0142awszczyzna: historia a wsp\u03cc\u0142czesno\u015b\u0107. T. II. S\u0142ownik bras\u0142awski. Warszawa, 2010. S. 132\u2013151, 174\u2013192, 271\u2013315, 337\u2013351, 411\u2013447, 483\u2013508, 511\u2013758.<\/li><li>Bras\u0142awszczyzna. Pami\u0119\u0107 i wsp\u00f3\u0142czesno\u015b\u0107. T. I. Historia regionu. Charakterystyka socjolingwistyczna. \u015awiadectwo mieszka\u0144c\u00f3w. Warszawa, 2011. S. 141\u2013172, 275\u2013581.<\/li><li>\u0421\u0432\u044f\u0442\u043e\u0435 \u0415\u0432\u0430\u043d\u0433\u0435\u043b\u0438\u0435. \u0418\u0441\u0442\u043e\u0440\u0438\u0447\u0435\u0441\u043a\u0438\u0439 \u0438 \u043b\u0438\u043d\u0433\u0432\u0438\u0441\u0442\u0438\u0447\u0435\u0441\u043a\u0438\u0439 \u043a\u043e\u043c\u043c\u0435\u043d\u0442\u0430\u0440\u0438\u0439. \u0412\u043e\u0441\u043f\u0440\u043e\u0438\u0437\u0432\u0435\u0434\u0435\u043d\u043d\u044b\u0439 \u0442\u0435\u043a\u0441\u0442. \u041c\u0438\u043d\u0441\u043a, 2012.<\/li><li>\u041a\u0430\u043d\u0442\u0430\u043c\u0456\u043d\u0430\u0446\u044b\u044f \u044f\u043a \u0456\u043d\u0430\u0432\u0430\u0446\u044b\u044f: \u0434\u0430 \u043f\u0440\u0430\u0431\u043b\u0435\u043c\u044b \u0432\u044b\u0437\u043d\u0430\u0447\u044d\u043d\u043d\u044f \u043f\u0440\u044b\u043d\u0446\u044b\u043f\u0443 \u043f\u0435\u0440\u0430\u043a\u043b\u0430\u0434\u0443 \u0411\u0456\u0431\u043b\u0456\u0456 \u0424\u0440\u0430\u043d\u0446\u044b\u0441\u043a\u0430 \u0421\u043a\u0430\u0440\u044b\u043d\u044b \/\/ \u041c\u043e\u0432\u0430\u0437\u043d\u0430\u045e\u0441\u0442\u0432\u0430. \u041b\u0456\u0442\u0430\u0440\u0430\u0442\u0443\u0440\u0430\u0437\u043d\u0430\u045e\u0441\u0442\u0432\u0430. \u0424\u0430\u043b\u044c\u043a\u043b\u0430\u0440\u044b\u0441\u0442\u044b\u043a\u0430: \u0425V \u041c\u0456\u0436\u043d\u0430\u0440. \u0437\u2019\u0435\u0437\u0434 \u0441\u043b\u0430\u0432\u0456\u0441\u0442\u0430\u045e: \u0434\u0430\u043a\u043b. \u0431\u0435\u043b\u0430\u0440\u0443\u0441. \u0434\u044d\u043b\u0435\u0433\u0430\u0446\u044b\u0456. \u041c\u0456\u043d\u0441\u043a, 2013. \u0421. 5\u201326.<\/li><li><em>\u0411\u0443\u043a\u0432\u0430\u0440\u044a \u0441\u0438\u0440\u0435\u0447\u044a \u043d\u0430\u0447\u0430\u043b\u043e \u0443\u0447\u0435\u043d\u0438\u044f.<\/em> \u041a\u043d. 2: \u0423\u0437\u043d\u043e\u045e\u043b\u0435\u043d\u044b \u0442\u044d\u043a\u0441\u0442. \u041c\u0456\u043d\u0441\u043a, 2014 (\u0443\u00a0\u0441\u0443\u0430\u045e\u0442\u0430\u0440\u0441\u0442\u0432\u0435); \u042f\u0437\u044b\u043a\u043e\u0432\u0430\u044f \u043a\u0430\u0444\u0435\u0434\u0440\u0430 \u0432 \u043d\u0435\u044f\u0437\u044b\u043a\u043e\u0432\u043e\u043c \u0432\u0443\u0437\u0435: pro et contra \/\/ \u042d\u0442\u043d\u043e\u043a\u0443\u043b\u044c\u0442\u0443\u0440\u043d\u044b\u0439 \u0438 \u0441\u043e\u0446\u0438\u043e\u043b\u0438\u043d\u0433\u0432\u0438\u0441\u0442\u0438\u0447\u0435\u0441\u043a\u0438\u0439 \u0430\u0441\u043f\u0435\u043a\u0442\u044b \u0442\u0435\u043e\u0440\u0438\u0438 \u0438 \u043f\u0440\u0430\u043a\u0442\u0438\u043a\u0438 \u043f\u0440\u0435\u043f\u043e\u0434\u0430\u0432\u0430\u043d\u0438\u044f \u044f\u0437\u044b\u043a\u043e\u0432: \u0441\u0431. \u043d\u0430\u0443\u0447. \u0441\u0442. \u041c\u0438\u043d\u0441\u043a, 2015. \u0421. 5\u201319.<\/li><li>\u041b\u0435\u043a\u0441\u0456\u043a\u0430 \u0440\u044d\u043b\u0456\u0433\u0456\u0439\u043d\u0430\u0439 \u043f\u0456\u0441\u044c\u043c\u0435\u043d\u043d\u0430\u0441\u0446\u0456 \/\/ \u041b\u0435\u043a\u0441\u0456\u043a\u0430 \u0441\u0442\u0430\u0440\u0430\u0431\u0435\u043b\u0430\u0440\u0443\u0441\u043a\u0430\u0439 \u043b\u0456\u0442\u0430\u0440\u0430\u0442\u0443\u0440\u043d\u0430-\u043f\u0456\u0441\u044c\u043c\u043e\u0432\u0430\u0439 \u043c\u043e\u0432\u044b XIV \u2013 \u0441\u044f\u0440\u044d\u0434\u0437\u0456\u043d\u044b XVI \u0441\u0442. \u041c\u0456\u043d\u0441\u043a, 2016. \u0421. 174\u2013323.<\/li><li>\u0410\u0441\u0430\u0431\u043b\u0456\u0432\u0430\u0441\u0446\u0456 \u043c\u043e\u0432\u044b \u0456 \u0442\u044d\u043a\u0441\u0442\u0430\u043b\u043e\u0433\u0456\u0456 \u0416\u044b\u0440\u043e\u0432\u0456\u0446\u043a\u0430\u0433\u0430 \u0415\u0432\u0430\u043d\u0433\u0435\u043b\u043b\u044f \/\/ \u0416\u044b\u0440\u043e\u0432\u0456\u0446\u043a\u0430\u0435 \u0415\u0432\u0430\u043d\u0433\u0435\u043b\u043b\u0435 XVI \u0441\u0442\u0430\u0433\u043e\u0434\u0434\u0437\u044f. \u0414\u0430\u0441\u043b\u0435\u0434\u0430\u0432\u0430\u043d\u043d\u0456 = \u0416\u0438\u0440\u043e\u0432\u0438\u0447\u0441\u043a\u043e\u0435 \u0415\u0432\u0430\u043d\u0433\u0435\u043b\u0438\u0435 XVI \u0432\u0435\u043a\u0430. \u0418\u0441\u0441\u043b\u0435\u0434\u043e\u0432\u0430\u043d\u0438\u044f = The \u017dyrovi\u010dy Gospels of the 16th century. Discovery. \u041c\u0456\u043d\u0441\u043a, 2022. \u0421. 199\u2013216.<\/li><li>\u0418\u0441\u0441\u043b\u0435\u0434\u043e\u0432\u0430\u043d\u0438\u0435 \u0442\u0435\u043c\u0430\u0442\u0438\u0447\u0435\u0441\u043a\u0438\u0445 \u0433\u0440\u0443\u043f\u043f \u043b\u0435\u043a\u0441\u0438\u043a\u0438 \u0441\u0442\u0430\u0440\u043e\u0431\u0435\u043b\u043e\u0440\u0443\u0441\u0441\u043a\u043e\u0433\u043e \u044f\u0437\u044b\u043a\u0430: \u043e\u043f\u044b\u0442 \u0438 \u043f\u0435\u0440\u0441\u043f\u0435\u043a\u0442\u0438\u0432\u044b \/\/ \u0421\u043e\u0432\u0440\u0435\u043c\u0435\u043d\u043d\u043e\u0435 \u0440\u0430\u0437\u0432\u0438\u0442\u0438\u0435 \u0441\u043b\u0432\u044f\u043d\u0441\u043a\u043e\u0439 \u043b\u0435\u043a\u0441\u0438\u043a\u043e\u043b\u043e\u0433\u0438\u0438 \u0438 \u043b\u0435\u043a\u0441\u0438\u043a\u043e\u0433\u0440\u0430\u0444\u0438\u0438. \u041c\u0435\u0436\u0434\u0443\u043d\u0430\u0440. \u043a\u043e\u043b\u043b\u0435\u043a\u0442\u0438\u0432\u043d\u0430\u044f \u043c\u043e\u043d\u043e\u0433\u0440\u0430\u0444\u0438\u044f. \u041c., 2022. \u0421. 61\u201196.<\/li><li>\u0414\u0430\u0441\u043b\u0435\u0434\u0430\u0432\u0430\u043d\u043d\u0435 \u043c\u043e\u0432\u044b \u0456 \u043c\u0430\u0441\u0442\u0430\u0446\u043a\u0430\u0433\u0430 \u0430\u0437\u0434\u0430\u0431\u043b\u0435\u043d\u043d\u044f \u043f\u043e\u043c\u043d\u0456\u043a\u0430 \u0431\u0435\u043b\u0430\u0440\u0443\u0441\u043a\u0430\u0433\u0430 \u043f\u0456\u0441\u044c\u043c\u0435\u043d\u0441\u0442\u0432\u0430 XVI \u0441\u0442. \u0416\u0443\u0445\u0430\u0432\u0456\u0446\u043a\u0430\u0433\u0430 \u0415\u0432\u0430\u043d\u0433\u0435\u043b\u043b\u044f. \u041c\u0456\u0440, 2023 (\u0443\u00a0\u0441\u0443\u0430\u045e\u0442\u0430\u0440\u0441\u0442\u0432\u0435).<\/li><\/ol>\t\t\t\t\t\t\t\t<\/div>\n\t\t\t\t<\/div>\n\t\t\t\t\t<\/div>\n\t\t\t\t<\/div>\n\t\t\t\t<\/div>\n\t\t","protected":false},"excerpt":{"rendered":"<p>\u0411\u0443\u0434\u044c\u043a\u043e \u0418\u0440\u0438\u043d\u0430 \u0412\u043b\u0430\u0434\u0438\u043c\u0438\u0440\u043e\u0432\u043d\u0430 \u0432\u0435\u0434\u0443\u0449\u0438\u0439 \u043d\u0430\u0443\u0447\u043d\u044b\u0439 \u0441\u043e\u0442\u0440\u0443\u0434\u043d\u0438\u043a \u043e\u0442\u0434\u0435\u043b\u0430 \u0438\u0441\u0442\u043e\u0440\u0438\u0438 \u0431\u0435\u043b\u043e\u0440\u0443\u0441\u0441\u043a\u043e\u0433\u043e \u044f\u0437\u044b\u043a\u0430\u0418\u043d\u0441\u0442\u0438\u0442\u0443\u0442\u0430 \u044f\u0437\u044b\u043a\u043e\u0437\u043d\u0430\u043d\u0438\u044f \u0438\u043c\u0435\u043d\u0438 \u042f\u043a\u0443\u0431\u0430 \u041a\u043e\u043b\u0430\u0441\u0430,\u043a\u0430\u043d\u0434\u0438\u0434\u0430\u0442 \u0444\u0438\u043b\u043e\u043b\u043e\u0433\u0438\u0447\u0435\u0441\u043a\u0438\u0445 \u043d\u0430\u0443\u043a, \u0434\u043e\u0446\u0435\u043d\u0442 \u0422\u0435\u043b.: +(375) 17&#8230;<\/p>\n","protected":false},"author":1,"featured_media":0,"parent":32883,"menu_order":3,"comment_status":"closed","ping_status":"closed","template":"","meta":{"footnotes":""},"class_list":["post-32912","page","type-page","status-publish"],"_links":{"self":[{"href":"https:\/\/belcentre.by\/ru_ru\/wp-json\/wp\/v2\/pages\/32912","targetHints":{"allow":["GET"]}}],"collection":[{"href":"https:\/\/belcentre.by\/ru_ru\/wp-json\/wp\/v2\/pages"}],"about":[{"href":"https:\/\/belcentre.by\/ru_ru\/wp-json\/wp\/v2\/types\/page"}],"author":[{"embeddable":true,"href":"https:\/\/belcentre.by\/ru_ru\/wp-json\/wp\/v2\/users\/1"}],"replies":[{"embeddable":true,"href":"https:\/\/belcentre.by\/ru_ru\/wp-json\/wp\/v2\/comments?post=32912"}],"version-history":[{"count":3,"href":"https:\/\/belcentre.by\/ru_ru\/wp-json\/wp\/v2\/pages\/32912\/revisions"}],"predecessor-version":[{"id":32915,"href":"https:\/\/belcentre.by\/ru_ru\/wp-json\/wp\/v2\/pages\/32912\/revisions\/32915"}],"up":[{"embeddable":true,"href":"https:\/\/belcentre.by\/ru_ru\/wp-json\/wp\/v2\/pages\/32883"}],"wp:attachment":[{"href":"https:\/\/belcentre.by\/ru_ru\/wp-json\/wp\/v2\/media?parent=32912"}],"curies":[{"name":"wp","href":"https:\/\/api.w.org\/{rel}","templated":true}]}}