{"id":33300,"date":"2024-07-24T15:11:42","date_gmt":"2024-07-24T12:11:42","guid":{"rendered":"https:\/\/belcentre.by\/?page_id=33300"},"modified":"2024-07-24T15:32:20","modified_gmt":"2024-07-24T12:32:20","slug":"%d1%81%d0%b5%d0%b2%d1%80%d1%83%d0%ba-%d0%b4%d0%bc%d0%b8%d1%82%d1%80%d0%b8%d0%b9-%d1%8d%d0%b4%d1%83%d0%b0%d1%80%d0%b4%d0%be%d0%b2%d0%b8%d1%87","status":"publish","type":"page","link":"https:\/\/belcentre.by\/ru_ru\/%d1%81%d0%b5%d0%ba%d1%82%d0%be%d1%80-%d0%b2%d0%be%d1%81%d1%82%d0%be%d0%ba%d0%be%d0%b2%d0%b5%d0%b4%d0%b5%d0%bd%d0%b8%d1%8f\/%d1%81%d0%b5%d0%b2%d1%80%d1%83%d0%ba-%d0%b4%d0%bc%d0%b8%d1%82%d1%80%d0%b8%d0%b9-%d1%8d%d0%b4%d1%83%d0%b0%d1%80%d0%b4%d0%be%d0%b2%d0%b8%d1%87\/","title":{"rendered":"\u0421\u0435\u0432\u0440\u0443\u043a \u0414\u043c\u0438\u0442\u0440\u0438\u0439 \u042d\u0434\u0443\u0430\u0440\u0434\u043e\u0432\u0438\u0447"},"content":{"rendered":"\t\t<div data-elementor-type=\"wp-page\" data-elementor-id=\"33300\" class=\"elementor elementor-33300\" data-elementor-post-type=\"page\">\n\t\t\t\t<div class=\"elementor-element elementor-element-6beef9f e-flex e-con-boxed e-con e-parent\" data-id=\"6beef9f\" data-element_type=\"container\" data-settings=\"{&quot;ekit_has_onepagescroll_dot&quot;:&quot;yes&quot;}\">\n\t\t\t\t\t<div class=\"e-con-inner\">\n\t\t<div class=\"elementor-element elementor-element-b28f944 e-con-full e-flex e-con e-child\" data-id=\"b28f944\" data-element_type=\"container\" data-settings=\"{&quot;ekit_has_onepagescroll_dot&quot;:&quot;yes&quot;}\">\n\t\t\t\t<div class=\"elementor-element elementor-element-21621ff elementor-widget elementor-widget-image\" data-id=\"21621ff\" data-element_type=\"widget\" data-settings=\"{&quot;ekit_we_effect_on&quot;:&quot;none&quot;}\" data-widget_type=\"image.default\">\n\t\t\t\t<div class=\"elementor-widget-container\">\n\t\t\t\t\t\t\t\t\t\t\t\t\t\t\t<img fetchpriority=\"high\" decoding=\"async\" width=\"300\" height=\"300\" src=\"https:\/\/belcentre.by\/wp-content\/uploads\/2024\/06\/logo_iml_min-300x300.png\" class=\"attachment-medium size-medium wp-image-31661\" alt=\"\" srcset=\"https:\/\/belcentre.by\/wp-content\/uploads\/2024\/06\/logo_iml_min-300x300.png 300w, https:\/\/belcentre.by\/wp-content\/uploads\/2024\/06\/logo_iml_min-150x150.png 150w, https:\/\/belcentre.by\/wp-content\/uploads\/2024\/06\/logo_iml_min-768x768.png 768w, https:\/\/belcentre.by\/wp-content\/uploads\/2024\/06\/logo_iml_min-12x12.png 12w, https:\/\/belcentre.by\/wp-content\/uploads\/2024\/06\/logo_iml_min-256x256.png 256w, https:\/\/belcentre.by\/wp-content\/uploads\/2024\/06\/logo_iml_min.png 1024w\" sizes=\"(max-width: 300px) 100vw, 300px\" \/>\t\t\t\t\t\t\t\t\t\t\t\t\t\t\t<\/div>\n\t\t\t\t<\/div>\n\t\t\t\t<\/div>\n\t\t<div class=\"elementor-element elementor-element-af09867 e-con-full e-flex e-con e-child\" data-id=\"af09867\" data-element_type=\"container\" data-settings=\"{&quot;ekit_has_onepagescroll_dot&quot;:&quot;yes&quot;}\">\n\t\t\t\t<div class=\"elementor-element elementor-element-2a45914 elementor-widget elementor-widget-heading\" data-id=\"2a45914\" data-element_type=\"widget\" data-settings=\"{&quot;ekit_we_effect_on&quot;:&quot;none&quot;}\" data-widget_type=\"heading.default\">\n\t\t\t\t<div class=\"elementor-widget-container\">\n\t\t\t\t\t<h3 class=\"elementor-heading-title elementor-size-default\">\u0421\u0435\u0432\u0440\u0443\u043a \u0414\u043c\u0438\u0442\u0440\u0438\u0439 \u042d\u0434\u0443\u0430\u0440\u0434\u043e\u0432\u0438\u0447<\/h3>\t\t\t\t<\/div>\n\t\t\t\t<\/div>\n\t\t\t\t<div class=\"elementor-element elementor-element-84d5c7a elementor-widget elementor-widget-heading\" data-id=\"84d5c7a\" data-element_type=\"widget\" data-settings=\"{&quot;ekit_we_effect_on&quot;:&quot;none&quot;}\" data-widget_type=\"heading.default\">\n\t\t\t\t<div class=\"elementor-widget-container\">\n\t\t\t\t\t<h5 class=\"elementor-heading-title elementor-size-default\">\u0417\u0430\u0432\u0435\u0434\u0443\u044e\u0449\u0438\u0439 \u0441\u0435\u043a\u0442\u043e\u0440\u043e\u043c \u0432\u043e\u0441\u0442\u043e\u043a\u043e\u0432\u0435\u0434\u0435\u043d\u0438\u044f\n\u043e\u0442\u0434\u0435\u043b\u0430 \u0441\u043b\u0430\u0432\u0438\u0441\u0442\u0438\u043a\u0438 \u0438 \u0442\u0435\u043e\u0440\u0438\u0438 \u044f\u0437\u044b\u043a\u0430<br>\u0418\u043d\u0441\u0442\u0438\u0442\u0443\u0442\u0430 \u044f\u0437\u044b\u043a\u043e\u0437\u043d\u0430\u043d\u0438\u044f \u0438\u043c\u0435\u043d\u0438 \u042f\u043a\u0443\u0431\u0430 \u041a\u043e\u043b\u0430\u0441\u0430,<br>\u043a\u0430\u043d\u0434\u0438\u0434\u0430\u0442 \u0438\u0441\u0442\u043e\u0440\u0438\u0447\u0435\u0441\u043a\u0438\u0445 \u043d\u0430\u0443\u043a<br><\/h5>\t\t\t\t<\/div>\n\t\t\t\t<\/div>\n\t\t\t\t<div class=\"elementor-element elementor-element-771739e elementor-widget elementor-widget-heading\" data-id=\"771739e\" data-element_type=\"widget\" data-settings=\"{&quot;ekit_we_effect_on&quot;:&quot;none&quot;}\" data-widget_type=\"heading.default\">\n\t\t\t\t<div class=\"elementor-widget-container\">\n\t\t\t\t\t<div class=\"elementor-heading-title elementor-size-default\">\u0422\u0435\u043b.: +(375) 17 270-26-07 <br>\nE-mail: <a href=\"mailto:tan1olif@gmail.com\">tan1olif@gmail.com<\/a><\/div>\t\t\t\t<\/div>\n\t\t\t\t<\/div>\n\t\t\t\t<\/div>\n\t\t\t\t\t<\/div>\n\t\t\t\t<\/div>\n\t\t<div class=\"elementor-element elementor-element-81d85a1 e-flex e-con-boxed e-con e-parent\" data-id=\"81d85a1\" data-element_type=\"container\" data-settings=\"{&quot;ekit_has_onepagescroll_dot&quot;:&quot;yes&quot;}\">\n\t\t\t\t\t<div class=\"e-con-inner\">\n\t\t\t\t<div class=\"elementor-element elementor-element-2a6b1cf elementor-widget elementor-widget-text-editor\" data-id=\"2a6b1cf\" data-element_type=\"widget\" data-settings=\"{&quot;ekit_we_effect_on&quot;:&quot;none&quot;}\" data-widget_type=\"text-editor.default\">\n\t\t\t\t<div class=\"elementor-widget-container\">\n\t\t\t\t\t\t\t\t\t<p>\u0420\u043e\u0434\u0438\u043b\u0441\u044f \u0432 1980 \u0433.<\/p><p>\u0412 2002 \u0433. \u043e\u043a\u043e\u043d\u0447\u0438\u043b \u0444\u0430\u043a\u0443\u043b\u044c\u0442\u0435\u0442 \u043c\u0435\u0436\u0434\u0443\u043d\u0430\u0440\u043e\u0434\u043d\u044b\u0445 \u043e\u0442\u043d\u043e\u0448\u0435\u043d\u0438\u0439 \u0411\u0435\u043b\u043e\u0440\u0443\u0441\u0441\u043a\u043e\u0433\u043e \u0433\u043e\u0441\u0443\u0434\u0430\u0440\u0441\u0442\u0432\u0435\u043d\u043d\u043e\u0433\u043e \u0443\u043d\u0438\u0432\u0435\u0440\u0441\u0438\u0442\u0435\u0442\u0430 (\u0441\u043f\u0435\u0446\u0438\u0430\u043b\u0438\u0441\u0442 \u0432 \u043e\u0431\u043b\u0430\u0441\u0442\u0438 \u043c\u0435\u0436\u0434\u0443\u043d\u0430\u0440\u043e\u0434\u043d\u044b\u0445 \u043e\u0442\u043d\u043e\u0448\u0435\u043d\u0438\u0439 \u0441 \u0432\u043b\u0430\u0434\u0435\u043d\u0438\u0435\u043c \u0430\u0440\u0430\u0431\u0441\u043a\u0438\u043c \u0438 \u0430\u043d\u0433\u043b\u0438\u0439\u0441\u043a\u0438\u043c \u044f\u0437\u044b\u043a\u0430\u043c\u0438).<\/p><p>\u0412 2002\u20132007 \u0433\u0433. \u0440\u0430\u0431\u043e\u0442\u0430\u043b \u0432 \u0431\u0435\u043b\u043e\u0440\u0443\u0441\u0441\u043a\u0438\u0445 \u0438 \u043b\u0438\u0432\u0430\u043d\u0441\u043a\u0438\u0445 \u0442\u043e\u0440\u0433\u043e\u0432\u044b\u0445 \u0444\u0438\u0440\u043c\u0430\u0445, \u0432\u043a\u043b\u044e\u0447\u0430\u044f \u043f\u0440\u0435\u0434\u0441\u0442\u0430\u0432\u0438\u0442\u0435\u043b\u044c\u0441\u0442\u0432\u0430 \u0432 \u0421\u0438\u0440\u0438\u0438, \u041b\u0438\u0432\u0438\u0438 \u0438 \u0421\u0443\u0434\u0430\u043d\u0435.<\/p><p>\u0421 2008 \u0433. \u2013 \u043f\u0440\u0435\u043f\u043e\u0434\u0430\u0432\u0430\u0442\u0435\u043b\u044c \u0411\u0435\u043b\u043e\u0440\u0443\u0441\u0441\u043a\u043e\u0433\u043e \u0433\u043e\u0441\u0443\u0434\u0430\u0440\u0441\u0442\u0432\u0435\u043d\u043d\u043e\u0433\u043e \u0443\u043d\u0438\u0432\u0435\u0440\u0441\u0438\u0442\u0435\u0442\u0430.<\/p><p>\u0421 2009 \u0433. \u2013 \u0434\u043e\u043a\u0442\u043e\u0440\u0430\u043d\u0442 (\u0441\u0442\u0438\u043f\u0435\u043d\u0434\u0438\u0430\u0442 DAAD) \u0418\u043d\u0441\u0442\u0438\u0442\u0443\u0442\u0430 \u0432\u043e\u0441\u0442\u043e\u043a\u043e\u0432\u0435\u0434\u0435\u043d\u0438\u044f \u0443\u043d\u0438\u0432\u0435\u0440\u0441\u0438\u0442\u0435\u0442\u0430 \u041c\u0430\u0440\u0442\u0438\u043d\u0430 \u041b\u044e\u0442\u0435\u0440\u0430 (\u0413\u0430\u043b\u043b\u0435, \u0424\u0420\u0413); \u0441 2010 \u2013 \u0434\u043e\u043a\u0442\u043e\u0440\u0430\u043d\u0442 \u0418\u043d\u0441\u0442\u0438\u0442\u0443\u0442\u0430 \u0432\u043e\u0441\u0442\u043e\u043a\u043e\u0432\u0435\u0434\u0435\u043d\u0438\u044f \u0443\u043d\u0438\u0432\u0435\u0440\u0441\u0438\u0442\u0435\u0442\u0430 \u041e\u0442\u0442\u043e \u0424\u0440\u0438\u0434\u0440\u0438\u0445\u0430 (\u0411\u0430\u043c\u0431\u0435\u0440\u0433, \u0424\u0420\u0413), \u0433\u0434\u0435 \u0432 2012 \u0433. \u0437\u0430\u0449\u0438\u0442\u0438\u043b \u0434\u0438\u0441\u0441\u0435\u0440\u0442\u0430\u0446\u0438\u044e \u00ab\u201eDie Mur\u0161idiyya. Entstehung und innere Entwicklung einer religi\u00f6sen Sondergemeinschaft in Syrien\u201c 1920er Jahre bis heute)\u00bb (\u00ab\u041c\u0443\u0440\u0448\u0438\u0434\u0438\u044f. \u0412\u043e\u0437\u043d\u0438\u043a\u043d\u043e\u0432\u0435\u043d\u0438\u0435 \u0438 \u0432\u043d\u0443\u0442\u0440\u0435\u043d\u043d\u0435\u0435 \u0440\u0430\u0437\u0432\u0438\u0442\u0438\u0435 \u0441\u043f\u0435\u0446\u0438\u0444\u0438\u0447\u0435\u0441\u043a\u043e\u0439 \u0440\u0435\u043b\u0438\u0433\u0438\u043e\u0437\u043d\u043e\u0439 \u043e\u0431\u0449\u043d\u043e\u0441\u0442\u0438 \u0432 \u0421\u0438\u0440\u0438\u0438 (\u0441 1920-\u0445 \u0433\u0433. \u0434\u043e \u0441\u0435\u0433\u043e\u0434\u043d\u044f\u0448\u043d\u0438\u0445 \u0434\u043d\u0435\u0439)\u00bb).<\/p><p>\u0412 2013\u20132016 \u0433\u0433. \u2013 \u043f\u0440\u0435\u043f\u043e\u0434\u0430\u0432\u0430\u043b \u0430\u0440\u0430\u0431\u0441\u043a\u0438\u0439 \u044f\u0437\u044b\u043a \u0438 \u0432\u043e\u0441\u0442\u043e\u043a\u043e\u0432\u0435\u0434\u0447\u0435\u0441\u043a\u0438\u0435 \u0434\u0438\u0441\u0446\u0438\u043f\u043b\u0438\u043d\u044b \u0432 \u0411\u0413\u0423.<\/p><p>\u0412 2016\u20132018 \u0433\u0433. \u2013 \u043f\u0440\u0438\u0433\u043b\u0430\u0448\u0435\u043d\u043d\u044b\u0439 \u0443\u0447\u0435\u043d\u044b\u0439 (\u0441\u0442\u0438\u043f\u0435\u043d\u0434\u0438\u0430\u0442 \u0444\u043e\u043d\u0434\u0430 \u0410\u043b\u0435\u043a\u0441\u0430\u043d\u0434\u0440\u0430 \u0413\u0443\u043c\u0431\u043e\u043b\u044c\u0434\u0442\u0430) \u0432 \u0423\u043d\u0438\u0432\u0435\u0440\u0441\u0438\u0442\u0435\u0442\u0435 \u042d\u0440\u0444\u0443\u0440\u0442\u0430 (\u0424\u0420\u0413).<\/p><p>\u0412 2018\u20132021 \u0433\u0433. \u2013 \u043f\u0440\u0435\u043f\u043e\u0434\u0430\u0432\u0430\u0442\u0435\u043b\u044c \u0444\u0430\u043a\u0443\u043b\u044c\u0442\u0435\u0442\u0430 \u043c\u0435\u0436\u0434\u0443\u043d\u0430\u0440\u043e\u0434\u043d\u044b\u0445 \u043e\u0442\u043d\u043e\u0448\u0435\u043d\u0438\u0439 \u0438 \u0418\u043d\u0441\u0442\u0438\u0442\u0443\u0442\u0430 \u0442\u0435\u043e\u043b\u043e\u0433\u0438\u0438 \u0411\u0413\u0423.<\/p><p>\u0421 \u0438\u044e\u043b\u044f 2021 \u0433.-\u0437\u0430\u0432\u0435\u0434\u0443\u044e\u0449\u0438\u0439 \u0441\u0435\u043a\u0442\u043e\u0440\u043e\u043c \u0432\u043e\u0441\u0442\u043e\u043a\u043e\u0432\u0435\u0434\u0435\u043d\u0438\u044f \u0418\u043d\u0441\u0442\u0438\u0442\u0443\u0442\u0430 \u044f\u0437\u044b\u043a\u043e\u0437\u043d\u0430\u043d\u0438\u044f \u041d\u0410\u041d \u0411\u0435\u043b\u0430\u0440\u0443\u0441\u0438.<\/p><p><strong>\u0421\u0444\u0435\u0440\u0430 \u043d\u0430\u0443\u0447\u043d\u044b\u0445 \u0438\u043d\u0442\u0435\u0440\u0435\u0441\u043e\u0432<\/strong>: \u0448\u0438\u0438\u0442\u0441\u043a\u0438\u0439 \u0438\u0441\u043b\u0430\u043c \u0438 \u0441\u0435\u043a\u0442\u044b, \u0440\u0443\u043a\u043e\u043f\u0438\u0441\u043d\u043e\u0435 \u043d\u0430\u0441\u043b\u0435\u0434\u0438\u0435 \u0442\u0430\u0442\u0430\u0440 \u0412\u041a\u041b.<\/p><p><strong>\u041c\u043e\u043d\u043e\u0433\u0440\u0430\u0444\u0438\u0438<\/strong><\/p><ol><li>Dzmitry Seuruk: Die Mur\u0161idiyya: Entstehung und innere Entwicklung einer religi\u00f6sen Sondergemeinschhaft in Syrien von den 1920er Jahren bis heute. Bamberg. University of Bamberg Press. Bamberg 2013, 299 S. : Ill. + 1 CDROM. \u042d\u043b\u0435\u043a\u0442\u0440\u043e\u043d\u043d\u044b \u0440\u044d\u0441\u0443\u0440\u0441: http:\/\/opus4.kobv.de\/opus4-bamberg\/frontdoor\/index\/index\/docId\/4760<\/li><li>Dmitry Sevruk: Vier apokryphe Schriften der Drusen. Eine historisch-philologische Analyse. Berlin:Klaus Schwarz (De Gruyter), 2019, 203 S.<\/li><\/ol><p><strong>\u041d\u0430\u0443\u0447\u043d\u044b\u0435 \u0441\u0442\u0430\u0442\u044c\u0438<\/strong><\/p><ol><li>Sevruk, Dmitry (2013): The Murshidis of Syria: A Short Overview of their History and Beliefs. In: The Muslim World, Vol.103, Issue 1 (January 2013), pp.80-93.<\/li><li>Sevruk, Dmitry (2014): A \u201cBektashi-Prayer\u201d from a Private Collection of Lipka Tatar Manuscripts. In: Turk\u2019s History and Culture in Lithuania, Vilnius 2014, S.289-304.<\/li><li>\u0421\u0435\u045e\u0440\u0443\u043a \u0414\u0437\u043c\u0456\u0442\u0440\u044b\u0439: \u041f\u0440\u044b\u043f\u0456\u0441\u043a\u0456 \u0440\u044d\u043b\u0456\u0433\u0456\u0439\u043d\u0430\u0433\u0430 \u0437\u043c\u0435\u0441\u0442\u0443 \u043d\u0430 \u0441\u0442\u0430\u0440\u043e\u043d\u043a\u0430\u0445 \u043c\u0456\u043d\u0441\u043a\u0430\u0433\u0430 \u0442\u044d\u0444\u0441\u0456\u0440\u0430 1686 \u0433. (\u0420214): \u0441\u043f\u0440\u043e\u0431\u0430 \u043c\u043e\u045e\u043d\u0430\u0433\u0430 \u0456 \u0440\u0435\u043b\u0456\u0433\u0456\u044f\u0437\u043d\u0430\u045e\u0447\u0430\u0433\u0430 \u0430\u043d\u0430\u043b\u0456\u0437\u0443 \/\/ \u0411\u0435\u043b\u0430\u0440\u0443\u0441\u044c \u0456 \u0446\u044e\u0440\u043a\u0441\u043a\u0430-\u0456\u0441\u043b\u0430\u043c\u0441\u043a\u0456 \u0441\u0432\u0435\u0442, \u041c\u0456\u043d\u0441\u043a 2015, \u0441.116-125Sevruk Dmitry: Exorcism rites from khamail-manuscripts of Lipka Tatars. In: Estetyczne aspekty literatury polskich, bia\u0142oruskich i litewskich Tatar\u00f3w (od XVI do XXI w.), Bia\u0142ystok 2015, S.85-105.<\/li><li>Sevruk Dmitry: Four apocryphal Druze texts and the problem of their authenticity. In: Rocznik Orientalistyczny, T. LXVIII, Z. 2, 2015, S.115-133.<\/li><li>Sevruk Dmitry: Druze-Maronite Conflict (1840-1860). In: War and Religion: An Encyclopedia of Faith and Conflict. Santa Barbara 2017, p.245-247.<\/li><li>\u0421\u0435\u0432\u0440\u0443\u043a \u0414\u043c\u0438\u0442\u0440\u0438\u0439 : \u041e\u0431\u0449\u0438\u043d\u0430 \u043c\u0443\u0440\u0448\u0438\u0434\u0438\u0442\u043e\u0432 \u0432 \u0421\u0438\u0440\u0438\u0438: \u0432\u043e\u0437\u043d\u0438\u043a\u043d\u043e\u0432\u0435\u043d\u0438\u0435, \u0438\u0441\u0442\u043e\u0440\u0438\u044f, \u0440\u0435\u043b\u0438\u0433\u0438\u043e\u0437\u043d\u043e\u0435 \u0443\u0447\u0435\u043d\u0438\u0435\/\/\u0421\u0435\u043a\u0442\u043e\u0432\u0435\u0434\u0435\u043d\u0438\u0435 2018, \u0442\u043e\u043c VII, c.86-113.<\/li><li>Sevruk Dmitry (2019): Yavuz Sultan Selim und die Qizilbasch: Geschichte eines Konflikts. In: Nader Purnaqcheband\/Florian Saalfeld (eds.): Aus den Tiefenschichten der Texte Beitr\u00e4ge zur turko-iranischen Welt von der Islamisierung bis zur Gegenwart. Wiesbaden 2019, S.157-164.<\/li><li>Sevruk Dmitry: Persian Magical Text from a Belarusian Tatar Manuscript. In: Berkovskie chteniya. Book Culture in the context of International contacts. (Materials of the 6th International Scientific Conference, Grodno, May 26-27, 2021.) Minsk\/Moscow 2021, p. 516-521.<\/li><li>\u0421\u0435\u045e\u0440\u0443\u043a \u0414\u043c\u0456\u0442\u0440\u044b\u0439: \u201c\u0425\u0430\u043c\u0430\u0456\u043b \u0411\u0430\u0433\u0443\u0448\u044d\u0432\u0456\u0447\u0430\u201d \u0456 \u043c\u0430\u0433\u0456\u0447\u043d\u044b\u044f \u0430\u043b\u0444\u0430\u0432\u0456\u0442\u044b \u045e \u043c\u0443\u0441\u0443\u043b\u044c\u043c\u0430\u043d\u0441\u043a\u0430\u0439 \u043a\u0443\u043b\u044c\u0442\u0443\u0440\u044b \/\/ \u0411\u0435\u043b\u0430\u0440\u0443\u0441\u043a\u0430\u044f \u043b\u0456\u043d\u0433\u0432\u0456\u0441\u0442\u044b\u043a\u0430, \u0412\u044b\u043f 87 (2021), \u0441. 72-78.<\/li><li>\u0421\u0435\u045e\u0440\u0443\u043a \u0414\u0437\u043c\u0456\u0442\u0440\u044b\u0439: \u0413\u0435\u0440\u0430\u0456\u0447\u043d\u044b\u044f \u0430\u043f\u043e\u0432\u0435\u0441\u0446\u0456 \u043f\u0440\u0430 \u0410\u043b\u0456 \u0456\u0431\u043d \u0410\u0431\u0456 \u0422\u0430\u043b\u0456\u0431\u0430 \u045e \u0440\u0443\u043a\u0430\u043f\u0456\u0441\u0430\u0445 \u0431\u0435\u043b\u0430\u0440\u0443\u0441\u043a\u0456\u0445 \u0442\u0430\u0442\u0430\u0440\u0430\u045e \/\/ \u0417 \u0440\u0443\u043a\u0430\u043f\u0456\u0441\u043d\u0430\u0439 \u0441\u043f\u0430\u0434\u0447\u044b\u043d\u044b \u0442\u0430\u0442\u0430\u0440\u0430\u045e \u0412\u041a\u041b: \u0442\u044d\u043a\u0441\u0442\u044b \u0456 \u0434\u0430\u0441\u043b\u0435\u0434\u0430\u0432\u0430\u043d\u043d\u0456. \u041c\u0456\u043d\u0441\u043a: \u0411\u0435\u043b\u0430\u0440\u0443\u0441\u043a\u0430\u044f \u043d\u0430\u0432\u0443\u043a\u0430, 2022, \u0441. 57-85.<\/li><li>Sevruk Dmitry: The Ottoman Empire as a symbolic landmark for the Belarusian, Polish and Lithuanian Tatars (on the example of two texts). In: Berkovskie chteniya. Book Culture in the context of International contacts. (Materials of the 7th International Scientific Conference, Brest, May 24-25, 2023), Vol. 2. Minsk\/Moscow 2023, p. 259-264.<\/li><\/ol>\t\t\t\t\t\t\t\t<\/div>\n\t\t\t\t<\/div>\n\t\t\t\t\t<\/div>\n\t\t\t\t<\/div>\n\t\t\t\t<\/div>\n\t\t","protected":false},"excerpt":{"rendered":"<p>\u0421\u0435\u0432\u0440\u0443\u043a \u0414\u043c\u0438\u0442\u0440\u0438\u0439 \u042d\u0434\u0443\u0430\u0440\u0434\u043e\u0432\u0438\u0447 \u0417\u0430\u0432\u0435\u0434\u0443\u044e\u0449\u0438\u0439 \u0441\u0435\u043a\u0442\u043e\u0440\u043e\u043c \u0432\u043e\u0441\u0442\u043e\u043a\u043e\u0432\u0435\u0434\u0435\u043d\u0438\u044f \u043e\u0442\u0434\u0435\u043b\u0430 \u0441\u043b\u0430\u0432\u0438\u0441\u0442\u0438\u043a\u0438 \u0438 \u0442\u0435\u043e\u0440\u0438\u0438 \u044f\u0437\u044b\u043a\u0430\u0418\u043d\u0441\u0442\u0438\u0442\u0443\u0442\u0430 \u044f\u0437\u044b\u043a\u043e\u0437\u043d\u0430\u043d\u0438\u044f \u0438\u043c\u0435\u043d\u0438 \u042f\u043a\u0443\u0431\u0430 \u041a\u043e\u043b\u0430\u0441\u0430,\u043a\u0430\u043d\u0434\u0438\u0434\u0430\u0442 \u0438\u0441\u0442\u043e\u0440\u0438\u0447\u0435\u0441\u043a\u0438\u0445 \u043d\u0430\u0443\u043a \u0422\u0435\u043b.: +(375) 17&#8230;<\/p>\n","protected":false},"author":1,"featured_media":0,"parent":32841,"menu_order":0,"comment_status":"closed","ping_status":"closed","template":"","meta":{"footnotes":""},"class_list":["post-33300","page","type-page","status-publish"],"_links":{"self":[{"href":"https:\/\/belcentre.by\/ru_ru\/wp-json\/wp\/v2\/pages\/33300","targetHints":{"allow":["GET"]}}],"collection":[{"href":"https:\/\/belcentre.by\/ru_ru\/wp-json\/wp\/v2\/pages"}],"about":[{"href":"https:\/\/belcentre.by\/ru_ru\/wp-json\/wp\/v2\/types\/page"}],"author":[{"embeddable":true,"href":"https:\/\/belcentre.by\/ru_ru\/wp-json\/wp\/v2\/users\/1"}],"replies":[{"embeddable":true,"href":"https:\/\/belcentre.by\/ru_ru\/wp-json\/wp\/v2\/comments?post=33300"}],"version-history":[{"count":3,"href":"https:\/\/belcentre.by\/ru_ru\/wp-json\/wp\/v2\/pages\/33300\/revisions"}],"predecessor-version":[{"id":33307,"href":"https:\/\/belcentre.by\/ru_ru\/wp-json\/wp\/v2\/pages\/33300\/revisions\/33307"}],"up":[{"embeddable":true,"href":"https:\/\/belcentre.by\/ru_ru\/wp-json\/wp\/v2\/pages\/32841"}],"wp:attachment":[{"href":"https:\/\/belcentre.by\/ru_ru\/wp-json\/wp\/v2\/media?parent=33300"}],"curies":[{"name":"wp","href":"https:\/\/api.w.org\/{rel}","templated":true}]}}